{"id":1892,"date":"2019-10-30T10:17:37","date_gmt":"2019-10-30T08:17:37","guid":{"rendered":"https:\/\/uusi.tuuri.fi\/?post_type=product&#038;p=1892"},"modified":"2023-06-14T14:07:22","modified_gmt":"2023-06-14T11:07:22","slug":"lahjakortti","status":"publish","type":"product","link":"https:\/\/tuuri.fi\/en\/tuote\/lahjakortti\/","title":{"rendered":"Lahjakortti"},"content":{"rendered":"<p>Antamalla lahjaksi Kyl\u00e4kaupan lahjakortin varmistat, ett\u00e4 lahja on varmasti toivottu. Kyl\u00e4kaupan lahjakortti on ladattava kortti, joka toimitetaan kirjekuoressa joko lahjan antajalle tai suoraan lahjan saajalle. N\u00e4in voit antaa kortin itse tai muistaa yst\u00e4v\u00e4\u00e4si kauempanakin. Kyl\u00e4kaupan lahjakortilla voit tehd\u00e4 ostoksia kaikissa Kyl\u00e4kauppa Veljekset Keskisen myyntipisteiss\u00e4 Tuurissa. <strong>Lahjakortti on voimassa 24 kuukautta<\/strong> lataamisesta tai edellisest\u00e4 k\u00e4ytt\u00f6kerrasta. J\u00e4ljell\u00e4 oleva saldo n\u00e4kyy Kyl\u00e4kaupalla tehtyjen ostosten kassakuitissa tai saldoa voi tiedustella Kyl\u00e4kaupan kassoilla n\u00e4ytt\u00e4m\u00e4ll\u00e4 lahjakortin kassahenkil\u00f6lle.Lahjakortit toimitetaan <strong>ilman postituskuluja<\/strong> tai voit halutessasi noutaa lahjakortit Kyl\u00e4kaupan Infosta. Yli 100 \u20ac lahjakortit l\u00e4hetet\u00e4\u00e4n kirjattuna. P.S. Voimme kirjoittaa\u00a0<strong>haluamasi saatetekstin<\/strong>\u00a0lahjakorttiin. Lis\u00e4\u00e4 haluamasi saateteksti \u201ctilauksen kommentit\u201d -kentt\u00e4\u00e4n.<\/p>\n","protected":false},"excerpt":{"rendered":"<p>Antamalla lahjaksi Kyl\u00e4kaupan lahjakortin varmistat, ett\u00e4 lahja on varmasti toivottu. Kyl\u00e4kaupan lahjakortti on ladattava kortti, joka toimitetaan kirjekuoressa joko lahjan antajalle tai suoraan lahjan saajalle. N\u00e4in voit antaa kortin itse tai muistaa yst\u00e4v\u00e4\u00e4si kauempanakin. Kyl\u00e4kaupan lahjakortilla voit tehd\u00e4 ostoksia kaikissa Kyl\u00e4kauppa Veljekset Keskisen myyntipisteiss\u00e4 Tuurissa.<\/p>\n","protected":false},"featured_media":11753,"template":"","meta":{"ocean_post_layout":"","ocean_both_sidebars_style":"","ocean_both_sidebars_content_width":0,"ocean_both_sidebars_sidebars_width":0,"ocean_sidebar":"0","ocean_second_sidebar":"0","ocean_disable_margins":"enable","ocean_add_body_class":"","ocean_shortcode_before_top_bar":"","ocean_shortcode_after_top_bar":"","ocean_shortcode_before_header":"","ocean_shortcode_after_header":"","ocean_has_shortcode":"","ocean_shortcode_after_title":"","ocean_shortcode_before_footer_widgets":"","ocean_shortcode_after_footer_widgets":"","ocean_shortcode_before_footer_bottom":"","ocean_shortcode_after_footer_bottom":"","ocean_display_top_bar":"default","ocean_display_header":"default","ocean_header_style":"","ocean_center_header_left_menu":"0","ocean_custom_header_template":"0","ocean_custom_logo":0,"ocean_custom_retina_logo":0,"ocean_custom_logo_max_width":0,"ocean_custom_logo_tablet_max_width":0,"ocean_custom_logo_mobile_max_width":0,"ocean_custom_logo_max_height":0,"ocean_custom_logo_tablet_max_height":0,"ocean_custom_logo_mobile_max_height":0,"ocean_header_custom_menu":"0","ocean_menu_typo_font_family":"0","ocean_menu_typo_font_subset":"","ocean_menu_typo_font_size":0,"ocean_menu_typo_font_size_tablet":0,"ocean_menu_typo_font_size_mobile":0,"ocean_menu_typo_font_size_unit":"px","ocean_menu_typo_font_weight":"","ocean_menu_typo_font_weight_tablet":"","ocean_menu_typo_font_weight_mobile":"","ocean_menu_typo_transform":"","ocean_menu_typo_transform_tablet":"","ocean_menu_typo_transform_mobile":"","ocean_menu_typo_line_height":0,"ocean_menu_typo_line_height_tablet":0,"ocean_menu_typo_line_height_mobile":0,"ocean_menu_typo_line_height_unit":"","ocean_menu_typo_spacing":0,"ocean_menu_typo_spacing_tablet":0,"ocean_menu_typo_spacing_mobile":0,"ocean_menu_typo_spacing_unit":"","ocean_menu_link_color":"","ocean_menu_link_color_hover":"","ocean_menu_link_color_active":"","ocean_menu_link_background":"","ocean_menu_link_hover_background":"","ocean_menu_link_active_background":"","ocean_menu_social_links_bg":"","ocean_menu_social_hover_links_bg":"","ocean_menu_social_links_color":"","ocean_menu_social_hover_links_color":"","ocean_disable_title":"default","ocean_disable_heading":"default","ocean_post_title":"","ocean_post_subheading":"","ocean_post_title_style":"","ocean_post_title_background_color":"","ocean_post_title_background":0,"ocean_post_title_bg_image_position":"","ocean_post_title_bg_image_attachment":"","ocean_post_title_bg_image_repeat":"","ocean_post_title_bg_image_size":"","ocean_post_title_height":0,"ocean_post_title_bg_overlay":0.5,"ocean_post_title_bg_overlay_color":"","ocean_disable_breadcrumbs":"default","ocean_breadcrumbs_color":"","ocean_breadcrumbs_separator_color":"","ocean_breadcrumbs_links_color":"","ocean_breadcrumbs_links_hover_color":"","ocean_display_footer_widgets":"default","ocean_display_footer_bottom":"default","ocean_custom_footer_template":"0"},"product_brand":[],"product_cat":[24],"product_tag":[],"class_list":{"0":"post-1892","1":"product","2":"type-product","3":"status-publish","4":"has-post-thumbnail","6":"product_cat-yleinen","8":"entry","9":"has-media","11":"first","12":"instock","13":"taxable","14":"shipping-taxable","15":"purchasable","16":"product-type-simple","17":"cpw-product","18":"has-product-nav","19":"col","20":"span_1_of_3","21":"owp-content-center","22":"owp-thumbs-layout-horizontal","23":"owp-btn-normal","24":"owp-tabs-layout-horizontal","25":"has-no-thumbnails"},"yoast_head":"<!-- This site is optimized with the Yoast SEO plugin v27.4 - https:\/\/yoast.com\/product\/yoast-seo-wordpress\/ -->\n<title>Lahjakortti - Keskisen Kyl\u00e4kauppa<\/title>\n<meta name=\"robots\" content=\"index, follow, max-snippet:-1, max-image-preview:large, max-video-preview:-1\" \/>\n<link rel=\"canonical\" href=\"https:\/\/tuuri.fi\/en\/tuote\/lahjakortti\/\" \/>\n<meta property=\"og:locale\" content=\"en_US\" \/>\n<meta property=\"og:type\" content=\"article\" \/>\n<meta property=\"og:title\" content=\"Lahjakortti - Keskisen Kyl\u00e4kauppa\" \/>\n<meta property=\"og:description\" content=\"Antamalla lahjaksi Kyl\u00e4kaupan lahjakortin varmistat, ett\u00e4 lahja on varmasti toivottu. Kyl\u00e4kaupan lahjakortti on ladattava kortti, joka toimitetaan kirjekuoressa joko lahjan antajalle tai suoraan lahjan saajalle. N\u00e4in voit antaa kortin itse tai muistaa yst\u00e4v\u00e4\u00e4si kauempanakin. Kyl\u00e4kaupan lahjakortilla voit tehd\u00e4 ostoksia kaikissa Kyl\u00e4kauppa Veljekset Keskisen myyntipisteiss\u00e4 Tuurissa.\" \/>\n<meta property=\"og:url\" content=\"https:\/\/tuuri.fi\/en\/tuote\/lahjakortti\/\" \/>\n<meta property=\"og:site_name\" content=\"Keskisen Kyl\u00e4kauppa\" \/>\n<meta property=\"article:publisher\" content=\"https:\/\/www.facebook.com\/KylakauppaVeljeksetKeskinen\/\" \/>\n<meta property=\"article:modified_time\" content=\"2023-06-14T11:07:22+00:00\" \/>\n<meta property=\"og:image\" content=\"https:\/\/tuuri.fi\/wp-content\/uploads\/2019\/10\/kylakaupan_lahjakortti.jpg\" \/>\n\t<meta property=\"og:image:width\" content=\"558\" \/>\n\t<meta property=\"og:image:height\" content=\"564\" \/>\n\t<meta property=\"og:image:type\" content=\"image\/jpeg\" \/>\n<meta name=\"twitter:card\" content=\"summary_large_image\" \/>\n<meta name=\"twitter:site\" content=\"@Kylakauppa\" \/>\n<meta name=\"twitter:label1\" content=\"Est. reading time\" \/>\n\t<meta name=\"twitter:data1\" content=\"1 minute\" \/>\n<script type=\"application\/ld+json\" class=\"yoast-schema-graph\">{\"@context\":\"https:\\\/\\\/schema.org\",\"@graph\":[{\"@type\":\"WebPage\",\"@id\":\"https:\\\/\\\/tuuri.fi\\\/en\\\/tuote\\\/lahjakortti\\\/\",\"url\":\"https:\\\/\\\/tuuri.fi\\\/en\\\/tuote\\\/lahjakortti\\\/\",\"name\":\"Lahjakortti - Keskisen Kyl\u00e4kauppa\",\"isPartOf\":{\"@id\":\"https:\\\/\\\/tuuri.fi\\\/en\\\/#website\"},\"primaryImageOfPage\":{\"@id\":\"https:\\\/\\\/tuuri.fi\\\/en\\\/tuote\\\/lahjakortti\\\/#primaryimage\"},\"image\":{\"@id\":\"https:\\\/\\\/tuuri.fi\\\/en\\\/tuote\\\/lahjakortti\\\/#primaryimage\"},\"thumbnailUrl\":\"https:\\\/\\\/tuuri.fi\\\/wp-content\\\/uploads\\\/2019\\\/10\\\/kylakaupan_lahjakortti.jpg\",\"datePublished\":\"2019-10-30T08:17:37+00:00\",\"dateModified\":\"2023-06-14T11:07:22+00:00\",\"breadcrumb\":{\"@id\":\"https:\\\/\\\/tuuri.fi\\\/en\\\/tuote\\\/lahjakortti\\\/#breadcrumb\"},\"inLanguage\":\"en-US\",\"potentialAction\":[{\"@type\":\"ReadAction\",\"target\":[\"https:\\\/\\\/tuuri.fi\\\/en\\\/tuote\\\/lahjakortti\\\/\"]}]},{\"@type\":\"ImageObject\",\"inLanguage\":\"en-US\",\"@id\":\"https:\\\/\\\/tuuri.fi\\\/en\\\/tuote\\\/lahjakortti\\\/#primaryimage\",\"url\":\"https:\\\/\\\/tuuri.fi\\\/wp-content\\\/uploads\\\/2019\\\/10\\\/kylakaupan_lahjakortti.jpg\",\"contentUrl\":\"https:\\\/\\\/tuuri.fi\\\/wp-content\\\/uploads\\\/2019\\\/10\\\/kylakaupan_lahjakortti.jpg\",\"width\":558,\"height\":564},{\"@type\":\"BreadcrumbList\",\"@id\":\"https:\\\/\\\/tuuri.fi\\\/en\\\/tuote\\\/lahjakortti\\\/#breadcrumb\",\"itemListElement\":[{\"@type\":\"ListItem\",\"position\":1,\"name\":\"Etusivu\",\"item\":\"https:\\\/\\\/tuuri.fi\\\/en\\\/\"},{\"@type\":\"ListItem\",\"position\":2,\"name\":\"Lahjakorttiverkkokauppa\",\"item\":\"https:\\\/\\\/tuuri.fi\\\/info\\\/lahjakorttiverkkokauppa\\\/\"},{\"@type\":\"ListItem\",\"position\":3,\"name\":\"Lahjakortti\"}]},{\"@type\":\"WebSite\",\"@id\":\"https:\\\/\\\/tuuri.fi\\\/en\\\/#website\",\"url\":\"https:\\\/\\\/tuuri.fi\\\/en\\\/\",\"name\":\"Keskisen Kyl\u00e4kauppa\",\"description\":\"Suomen Suurin Tavaratalo\",\"publisher\":{\"@id\":\"https:\\\/\\\/tuuri.fi\\\/en\\\/#organization\"},\"potentialAction\":[{\"@type\":\"SearchAction\",\"target\":{\"@type\":\"EntryPoint\",\"urlTemplate\":\"https:\\\/\\\/tuuri.fi\\\/en\\\/?s={search_term_string}\"},\"query-input\":{\"@type\":\"PropertyValueSpecification\",\"valueRequired\":true,\"valueName\":\"search_term_string\"}}],\"inLanguage\":\"en-US\"},{\"@type\":\"Organization\",\"@id\":\"https:\\\/\\\/tuuri.fi\\\/en\\\/#organization\",\"name\":\"Keskisen Kyl\u00e4kauppa\",\"url\":\"https:\\\/\\\/tuuri.fi\\\/en\\\/\",\"logo\":{\"@type\":\"ImageObject\",\"inLanguage\":\"en-US\",\"@id\":\"https:\\\/\\\/tuuri.fi\\\/en\\\/#\\\/schema\\\/logo\\\/image\\\/\",\"url\":\"https:\\\/\\\/tuuri.fi\\\/wp-content\\\/uploads\\\/2019\\\/10\\\/cropped-logo512-PNG.png\",\"contentUrl\":\"https:\\\/\\\/tuuri.fi\\\/wp-content\\\/uploads\\\/2019\\\/10\\\/cropped-logo512-PNG.png\",\"width\":512,\"height\":512,\"caption\":\"Keskisen Kyl\u00e4kauppa\"},\"image\":{\"@id\":\"https:\\\/\\\/tuuri.fi\\\/en\\\/#\\\/schema\\\/logo\\\/image\\\/\"},\"sameAs\":[\"https:\\\/\\\/www.facebook.com\\\/KylakauppaVeljeksetKeskinen\\\/\",\"https:\\\/\\\/x.com\\\/Kylakauppa\",\"https:\\\/\\\/www.instagram.com\\\/kylakauppa\\\/\",\"https:\\\/\\\/www.linkedin.com\\\/company\\\/109496\\\/\"]}]}<\/script>\n<!-- \/ Yoast SEO plugin. -->","yoast_head_json":{"title":"Lahjakortti - Keskisen Kyl\u00e4kauppa","robots":{"index":"index","follow":"follow","max-snippet":"max-snippet:-1","max-image-preview":"max-image-preview:large","max-video-preview":"max-video-preview:-1"},"canonical":"https:\/\/tuuri.fi\/en\/tuote\/lahjakortti\/","og_locale":"en_US","og_type":"article","og_title":"Lahjakortti - Keskisen Kyl\u00e4kauppa","og_description":"Antamalla lahjaksi Kyl\u00e4kaupan lahjakortin varmistat, ett\u00e4 lahja on varmasti toivottu. Kyl\u00e4kaupan lahjakortti on ladattava kortti, joka toimitetaan kirjekuoressa joko lahjan antajalle tai suoraan lahjan saajalle. N\u00e4in voit antaa kortin itse tai muistaa yst\u00e4v\u00e4\u00e4si kauempanakin. Kyl\u00e4kaupan lahjakortilla voit tehd\u00e4 ostoksia kaikissa Kyl\u00e4kauppa Veljekset Keskisen myyntipisteiss\u00e4 Tuurissa.","og_url":"https:\/\/tuuri.fi\/en\/tuote\/lahjakortti\/","og_site_name":"Keskisen Kyl\u00e4kauppa","article_publisher":"https:\/\/www.facebook.com\/KylakauppaVeljeksetKeskinen\/","article_modified_time":"2023-06-14T11:07:22+00:00","og_image":[{"width":558,"height":564,"url":"https:\/\/tuuri.fi\/wp-content\/uploads\/2019\/10\/kylakaupan_lahjakortti.jpg","type":"image\/jpeg"}],"twitter_card":"summary_large_image","twitter_site":"@Kylakauppa","twitter_misc":{"Est. reading time":"1 minute"},"schema":{"@context":"https:\/\/schema.org","@graph":[{"@type":"WebPage","@id":"https:\/\/tuuri.fi\/en\/tuote\/lahjakortti\/","url":"https:\/\/tuuri.fi\/en\/tuote\/lahjakortti\/","name":"Lahjakortti - Keskisen Kyl\u00e4kauppa","isPartOf":{"@id":"https:\/\/tuuri.fi\/en\/#website"},"primaryImageOfPage":{"@id":"https:\/\/tuuri.fi\/en\/tuote\/lahjakortti\/#primaryimage"},"image":{"@id":"https:\/\/tuuri.fi\/en\/tuote\/lahjakortti\/#primaryimage"},"thumbnailUrl":"https:\/\/tuuri.fi\/wp-content\/uploads\/2019\/10\/kylakaupan_lahjakortti.jpg","datePublished":"2019-10-30T08:17:37+00:00","dateModified":"2023-06-14T11:07:22+00:00","breadcrumb":{"@id":"https:\/\/tuuri.fi\/en\/tuote\/lahjakortti\/#breadcrumb"},"inLanguage":"en-US","potentialAction":[{"@type":"ReadAction","target":["https:\/\/tuuri.fi\/en\/tuote\/lahjakortti\/"]}]},{"@type":"ImageObject","inLanguage":"en-US","@id":"https:\/\/tuuri.fi\/en\/tuote\/lahjakortti\/#primaryimage","url":"https:\/\/tuuri.fi\/wp-content\/uploads\/2019\/10\/kylakaupan_lahjakortti.jpg","contentUrl":"https:\/\/tuuri.fi\/wp-content\/uploads\/2019\/10\/kylakaupan_lahjakortti.jpg","width":558,"height":564},{"@type":"BreadcrumbList","@id":"https:\/\/tuuri.fi\/en\/tuote\/lahjakortti\/#breadcrumb","itemListElement":[{"@type":"ListItem","position":1,"name":"Etusivu","item":"https:\/\/tuuri.fi\/en\/"},{"@type":"ListItem","position":2,"name":"Lahjakorttiverkkokauppa","item":"https:\/\/tuuri.fi\/info\/lahjakorttiverkkokauppa\/"},{"@type":"ListItem","position":3,"name":"Lahjakortti"}]},{"@type":"WebSite","@id":"https:\/\/tuuri.fi\/en\/#website","url":"https:\/\/tuuri.fi\/en\/","name":"Keskisen Kyl\u00e4kauppa","description":"Suomen Suurin Tavaratalo","publisher":{"@id":"https:\/\/tuuri.fi\/en\/#organization"},"potentialAction":[{"@type":"SearchAction","target":{"@type":"EntryPoint","urlTemplate":"https:\/\/tuuri.fi\/en\/?s={search_term_string}"},"query-input":{"@type":"PropertyValueSpecification","valueRequired":true,"valueName":"search_term_string"}}],"inLanguage":"en-US"},{"@type":"Organization","@id":"https:\/\/tuuri.fi\/en\/#organization","name":"Keskisen Kyl\u00e4kauppa","url":"https:\/\/tuuri.fi\/en\/","logo":{"@type":"ImageObject","inLanguage":"en-US","@id":"https:\/\/tuuri.fi\/en\/#\/schema\/logo\/image\/","url":"https:\/\/tuuri.fi\/wp-content\/uploads\/2019\/10\/cropped-logo512-PNG.png","contentUrl":"https:\/\/tuuri.fi\/wp-content\/uploads\/2019\/10\/cropped-logo512-PNG.png","width":512,"height":512,"caption":"Keskisen Kyl\u00e4kauppa"},"image":{"@id":"https:\/\/tuuri.fi\/en\/#\/schema\/logo\/image\/"},"sameAs":["https:\/\/www.facebook.com\/KylakauppaVeljeksetKeskinen\/","https:\/\/x.com\/Kylakauppa","https:\/\/www.instagram.com\/kylakauppa\/","https:\/\/www.linkedin.com\/company\/109496\/"]}]}},"_links":{"self":[{"href":"https:\/\/tuuri.fi\/en\/wp-json\/wp\/v2\/product\/1892","targetHints":{"allow":["GET"]}}],"collection":[{"href":"https:\/\/tuuri.fi\/en\/wp-json\/wp\/v2\/product"}],"about":[{"href":"https:\/\/tuuri.fi\/en\/wp-json\/wp\/v2\/types\/product"}],"version-history":[{"count":5,"href":"https:\/\/tuuri.fi\/en\/wp-json\/wp\/v2\/product\/1892\/revisions"}],"predecessor-version":[{"id":12509,"href":"https:\/\/tuuri.fi\/en\/wp-json\/wp\/v2\/product\/1892\/revisions\/12509"}],"wp:featuredmedia":[{"embeddable":true,"href":"https:\/\/tuuri.fi\/en\/wp-json\/wp\/v2\/media\/11753"}],"wp:attachment":[{"href":"https:\/\/tuuri.fi\/en\/wp-json\/wp\/v2\/media?parent=1892"}],"wp:term":[{"taxonomy":"product_brand","embeddable":true,"href":"https:\/\/tuuri.fi\/en\/wp-json\/wp\/v2\/product_brand?post=1892"},{"taxonomy":"product_cat","embeddable":true,"href":"https:\/\/tuuri.fi\/en\/wp-json\/wp\/v2\/product_cat?post=1892"},{"taxonomy":"product_tag","embeddable":true,"href":"https:\/\/tuuri.fi\/en\/wp-json\/wp\/v2\/product_tag?post=1892"}],"curies":[{"name":"wp","href":"https:\/\/api.w.org\/{rel}","templated":true}]}}