{"id":1890,"date":"2019-10-30T10:15:36","date_gmt":"2019-10-30T08:15:36","guid":{"rendered":"https:\/\/uusi.tuuri.fi\/?post_type=product&#038;p=1890"},"modified":"2025-04-29T08:09:42","modified_gmt":"2025-04-29T05:09:42","slug":"vesa-keskinen-veitikka-ja-visionaari","status":"publish","type":"product","link":"https:\/\/tuuri.fi\/en\/tuote\/vesa-keskinen-veitikka-ja-visionaari\/","title":{"rendered":"Vesa Keskinen &#8211; veitikka ja vision\u00e4\u00e4ri"},"content":{"rendered":"<p>Keskisen Kyl\u00e4kauppa ja sen is\u00e4nt\u00e4 Vesa Keskinen ovat maankuuluja. Kyl\u00e4kauppias Vesa Keskinen tunnetaan ennakkoluulottomana ja v\u00e4rikk\u00e4\u00e4n\u00e4 yritt\u00e4j\u00e4n\u00e4, joka on kahden vuosikymmenen kuluessa rakentanut Tuuriin Suomen suurimman tavaratalon hotelleineen, ravintoloineen ja oheistapahtumineen. Keskisen Kyl\u00e4kauppa on maamme suosituin matkailukohde.<\/p>\n<p>VESA KESKINEN \u2013 veitikka ja vision\u00e4\u00e4ri -kirja kertoo, kuinka kasvuprojekti sai alkunsa \u2013 ja jatkuu yh\u00e4 edelleen \u2013 yritt\u00e4j\u00e4n ryhtyess\u00e4 toteuttamaan visiotaan kauppaliikkeen ja matkailun yhdist\u00e4misest\u00e4.<\/p>\n<p>Kirjan kirjoittaja on espoolainen kauppatieteiden lisensiaatti Tapio Er\u00e4heimo. H\u00e4nell\u00e4 on liki kolmenkymmenen vuoden kokemus yritt\u00e4j\u00e4n\u00e4, ja sen rinnalla my\u00f6s samanveroinen ty\u00f6ura opettajana ja kouluttajana. H\u00e4n on julkaissut yli 40 julkaisua soveltavan taloustieteen ja yritt\u00e4misen alueilta.<\/p>\n<p>Tapio Er\u00e4heimo kertoo, ett\u00e4 useimmille Vesa Keskinen on arvoitus, huolimatta siit\u00e4, ett\u00e4 h\u00e4nest\u00e4 on kirjoitettu tuhansia lehtijuttuja ja tehty tuntikaupalla tv-ohjelmaa. Tuurin kyl\u00e4kauppias on tunnettu, ja tuntematon, palkittu ja parjattu, kehuttu ja kauhisteltu.<\/p>\n<p>Vesa Keskinen \u2013 veitikka ja visi\u00f6n\u00e4\u00e4ri avaa kyl\u00e4kauppiaan maailmaa ja persoonaa, jossa yhdistyv\u00e4t matemaattinen lahjakkuus ja tarinankertoja. Kirjassa kuvataan Keskisen roolia julkisuuden henkil\u00f6n\u00e4 ja sit\u00e4, kuinka julkisuus on osa h\u00e4nen ty\u00f6kuvaansa ja kuinka h\u00e4n toimii yhteisty\u00f6ss\u00e4 median kanssa.<\/p>\n<p>H\u00e4mm\u00e4stytt\u00e4v\u00e4\u00e4n, matriisimaiseen muotoon laadittu teos tekee ymm\u00e4rrett\u00e4v\u00e4ksi, kuinka mies toteuttaa visiotaan vuosi vuodelta ja p\u00e4iv\u00e4 p\u00e4iv\u00e4lt\u00e4.<\/p>\n","protected":false},"excerpt":{"rendered":"<p>Keskisen Kyl\u00e4kauppa ja sen is\u00e4nt\u00e4 Vesa Keskinen ovat maankuuluja. Kyl\u00e4kauppias Vesa Keskinen tunnetaan ennakkoluulottomana ja v\u00e4rikk\u00e4\u00e4n\u00e4 yritt\u00e4j\u00e4n\u00e4, joka on kahden vuosikymmenen kuluessa rakentanut Tuuriin Suomen suurimman tavaratalon hotelleineen, ravintoloineen ja oheistapahtumineen. Keskisen Kyl\u00e4kauppa on maamme suosituin matkailukohde. VESA KESKINEN \u2013 veitikka ja vision\u00e4\u00e4ri -kirja kertoo, kuinka kasvuprojekti sai alkunsa \u2013 ja jatkuu yh\u00e4 edelleen \u2013 [&hellip;]<\/p>\n","protected":false},"featured_media":4894,"template":"","meta":{"ocean_post_layout":"","ocean_both_sidebars_style":"","ocean_both_sidebars_content_width":0,"ocean_both_sidebars_sidebars_width":0,"ocean_sidebar":"0","ocean_second_sidebar":"0","ocean_disable_margins":"enable","ocean_add_body_class":"","ocean_shortcode_before_top_bar":"","ocean_shortcode_after_top_bar":"","ocean_shortcode_before_header":"","ocean_shortcode_after_header":"","ocean_has_shortcode":"","ocean_shortcode_after_title":"","ocean_shortcode_before_footer_widgets":"","ocean_shortcode_after_footer_widgets":"","ocean_shortcode_before_footer_bottom":"","ocean_shortcode_after_footer_bottom":"","ocean_display_top_bar":"default","ocean_display_header":"default","ocean_header_style":"","ocean_center_header_left_menu":"0","ocean_custom_header_template":"0","ocean_custom_logo":0,"ocean_custom_retina_logo":0,"ocean_custom_logo_max_width":0,"ocean_custom_logo_tablet_max_width":0,"ocean_custom_logo_mobile_max_width":0,"ocean_custom_logo_max_height":0,"ocean_custom_logo_tablet_max_height":0,"ocean_custom_logo_mobile_max_height":0,"ocean_header_custom_menu":"0","ocean_menu_typo_font_family":"0","ocean_menu_typo_font_subset":"","ocean_menu_typo_font_size":0,"ocean_menu_typo_font_size_tablet":0,"ocean_menu_typo_font_size_mobile":0,"ocean_menu_typo_font_size_unit":"px","ocean_menu_typo_font_weight":"","ocean_menu_typo_font_weight_tablet":"","ocean_menu_typo_font_weight_mobile":"","ocean_menu_typo_transform":"","ocean_menu_typo_transform_tablet":"","ocean_menu_typo_transform_mobile":"","ocean_menu_typo_line_height":0,"ocean_menu_typo_line_height_tablet":0,"ocean_menu_typo_line_height_mobile":0,"ocean_menu_typo_line_height_unit":"","ocean_menu_typo_spacing":0,"ocean_menu_typo_spacing_tablet":0,"ocean_menu_typo_spacing_mobile":0,"ocean_menu_typo_spacing_unit":"","ocean_menu_link_color":"","ocean_menu_link_color_hover":"","ocean_menu_link_color_active":"","ocean_menu_link_background":"","ocean_menu_link_hover_background":"","ocean_menu_link_active_background":"","ocean_menu_social_links_bg":"","ocean_menu_social_hover_links_bg":"","ocean_menu_social_links_color":"","ocean_menu_social_hover_links_color":"","ocean_disable_title":"default","ocean_disable_heading":"default","ocean_post_title":"","ocean_post_subheading":"","ocean_post_title_style":"","ocean_post_title_background_color":"","ocean_post_title_background":0,"ocean_post_title_bg_image_position":"","ocean_post_title_bg_image_attachment":"","ocean_post_title_bg_image_repeat":"","ocean_post_title_bg_image_size":"","ocean_post_title_height":0,"ocean_post_title_bg_overlay":0.5,"ocean_post_title_bg_overlay_color":"","ocean_disable_breadcrumbs":"default","ocean_breadcrumbs_color":"","ocean_breadcrumbs_separator_color":"","ocean_breadcrumbs_links_color":"","ocean_breadcrumbs_links_hover_color":"","ocean_display_footer_widgets":"default","ocean_display_footer_bottom":"default","ocean_custom_footer_template":"0"},"product_brand":[],"product_cat":[24],"product_tag":[],"class_list":{"0":"post-1890","1":"product","2":"type-product","3":"status-publish","4":"has-post-thumbnail","6":"product_cat-yleinen","8":"entry","9":"has-media","11":"first","12":"instock","13":"taxable","14":"shipping-taxable","15":"purchasable","16":"product-type-simple","17":"has-product-nav","18":"col","19":"span_1_of_3","20":"owp-content-center","21":"owp-thumbs-layout-horizontal","22":"owp-btn-normal","23":"owp-tabs-layout-horizontal","24":"has-no-thumbnails"},"yoast_head":"<!-- This site is optimized with the Yoast SEO plugin v27.4 - https:\/\/yoast.com\/product\/yoast-seo-wordpress\/ -->\n<title>Vesa Keskinen - veitikka ja vision\u00e4\u00e4ri - Keskisen Kyl\u00e4kauppa<\/title>\n<meta name=\"robots\" content=\"index, follow, max-snippet:-1, max-image-preview:large, max-video-preview:-1\" \/>\n<link rel=\"canonical\" href=\"https:\/\/tuuri.fi\/en\/tuote\/vesa-keskinen-veitikka-ja-visionaari\/\" \/>\n<meta property=\"og:locale\" content=\"en_US\" \/>\n<meta property=\"og:type\" content=\"article\" \/>\n<meta property=\"og:title\" content=\"Vesa Keskinen - veitikka ja vision\u00e4\u00e4ri - Keskisen Kyl\u00e4kauppa\" \/>\n<meta property=\"og:description\" content=\"Keskisen Kyl\u00e4kauppa ja sen is\u00e4nt\u00e4 Vesa Keskinen ovat maankuuluja. Kyl\u00e4kauppias Vesa Keskinen tunnetaan ennakkoluulottomana ja v\u00e4rikk\u00e4\u00e4n\u00e4 yritt\u00e4j\u00e4n\u00e4, joka on kahden vuosikymmenen kuluessa rakentanut Tuuriin Suomen suurimman tavaratalon hotelleineen, ravintoloineen ja oheistapahtumineen. Keskisen Kyl\u00e4kauppa on maamme suosituin matkailukohde. VESA KESKINEN \u2013 veitikka ja vision\u00e4\u00e4ri -kirja kertoo, kuinka kasvuprojekti sai alkunsa \u2013 ja jatkuu yh\u00e4 edelleen \u2013 [&hellip;]\" \/>\n<meta property=\"og:url\" content=\"https:\/\/tuuri.fi\/en\/tuote\/vesa-keskinen-veitikka-ja-visionaari\/\" \/>\n<meta property=\"og:site_name\" content=\"Keskisen Kyl\u00e4kauppa\" \/>\n<meta property=\"article:publisher\" content=\"https:\/\/www.facebook.com\/KylakauppaVeljeksetKeskinen\/\" \/>\n<meta property=\"article:modified_time\" content=\"2025-04-29T05:09:42+00:00\" \/>\n<meta property=\"og:image\" content=\"https:\/\/tuuri.fi\/wp-content\/uploads\/2019\/10\/veitikkajavisionaari.jpg\" \/>\n\t<meta property=\"og:image:width\" content=\"300\" \/>\n\t<meta property=\"og:image:height\" content=\"300\" \/>\n\t<meta property=\"og:image:type\" content=\"image\/jpeg\" \/>\n<meta name=\"twitter:card\" content=\"summary_large_image\" \/>\n<meta name=\"twitter:site\" content=\"@Kylakauppa\" \/>\n<meta name=\"twitter:label1\" content=\"Est. reading time\" \/>\n\t<meta name=\"twitter:data1\" content=\"2 minutes\" \/>\n<script type=\"application\/ld+json\" class=\"yoast-schema-graph\">{\"@context\":\"https:\\\/\\\/schema.org\",\"@graph\":[{\"@type\":\"WebPage\",\"@id\":\"https:\\\/\\\/tuuri.fi\\\/en\\\/tuote\\\/vesa-keskinen-veitikka-ja-visionaari\\\/\",\"url\":\"https:\\\/\\\/tuuri.fi\\\/en\\\/tuote\\\/vesa-keskinen-veitikka-ja-visionaari\\\/\",\"name\":\"Vesa Keskinen - veitikka ja vision\u00e4\u00e4ri - Keskisen Kyl\u00e4kauppa\",\"isPartOf\":{\"@id\":\"https:\\\/\\\/tuuri.fi\\\/en\\\/#website\"},\"primaryImageOfPage\":{\"@id\":\"https:\\\/\\\/tuuri.fi\\\/en\\\/tuote\\\/vesa-keskinen-veitikka-ja-visionaari\\\/#primaryimage\"},\"image\":{\"@id\":\"https:\\\/\\\/tuuri.fi\\\/en\\\/tuote\\\/vesa-keskinen-veitikka-ja-visionaari\\\/#primaryimage\"},\"thumbnailUrl\":\"https:\\\/\\\/tuuri.fi\\\/wp-content\\\/uploads\\\/2019\\\/10\\\/veitikkajavisionaari.jpg\",\"datePublished\":\"2019-10-30T08:15:36+00:00\",\"dateModified\":\"2025-04-29T05:09:42+00:00\",\"breadcrumb\":{\"@id\":\"https:\\\/\\\/tuuri.fi\\\/en\\\/tuote\\\/vesa-keskinen-veitikka-ja-visionaari\\\/#breadcrumb\"},\"inLanguage\":\"en-US\",\"potentialAction\":[{\"@type\":\"ReadAction\",\"target\":[\"https:\\\/\\\/tuuri.fi\\\/en\\\/tuote\\\/vesa-keskinen-veitikka-ja-visionaari\\\/\"]}]},{\"@type\":\"ImageObject\",\"inLanguage\":\"en-US\",\"@id\":\"https:\\\/\\\/tuuri.fi\\\/en\\\/tuote\\\/vesa-keskinen-veitikka-ja-visionaari\\\/#primaryimage\",\"url\":\"https:\\\/\\\/tuuri.fi\\\/wp-content\\\/uploads\\\/2019\\\/10\\\/veitikkajavisionaari.jpg\",\"contentUrl\":\"https:\\\/\\\/tuuri.fi\\\/wp-content\\\/uploads\\\/2019\\\/10\\\/veitikkajavisionaari.jpg\",\"width\":300,\"height\":300},{\"@type\":\"BreadcrumbList\",\"@id\":\"https:\\\/\\\/tuuri.fi\\\/en\\\/tuote\\\/vesa-keskinen-veitikka-ja-visionaari\\\/#breadcrumb\",\"itemListElement\":[{\"@type\":\"ListItem\",\"position\":1,\"name\":\"Etusivu\",\"item\":\"https:\\\/\\\/tuuri.fi\\\/en\\\/\"},{\"@type\":\"ListItem\",\"position\":2,\"name\":\"Lahjakorttiverkkokauppa\",\"item\":\"https:\\\/\\\/tuuri.fi\\\/info\\\/lahjakorttiverkkokauppa\\\/\"},{\"@type\":\"ListItem\",\"position\":3,\"name\":\"Vesa Keskinen &#8211; veitikka ja vision\u00e4\u00e4ri\"}]},{\"@type\":\"WebSite\",\"@id\":\"https:\\\/\\\/tuuri.fi\\\/en\\\/#website\",\"url\":\"https:\\\/\\\/tuuri.fi\\\/en\\\/\",\"name\":\"Keskisen Kyl\u00e4kauppa\",\"description\":\"Suomen Suurin Tavaratalo\",\"publisher\":{\"@id\":\"https:\\\/\\\/tuuri.fi\\\/en\\\/#organization\"},\"potentialAction\":[{\"@type\":\"SearchAction\",\"target\":{\"@type\":\"EntryPoint\",\"urlTemplate\":\"https:\\\/\\\/tuuri.fi\\\/en\\\/?s={search_term_string}\"},\"query-input\":{\"@type\":\"PropertyValueSpecification\",\"valueRequired\":true,\"valueName\":\"search_term_string\"}}],\"inLanguage\":\"en-US\"},{\"@type\":\"Organization\",\"@id\":\"https:\\\/\\\/tuuri.fi\\\/en\\\/#organization\",\"name\":\"Keskisen Kyl\u00e4kauppa\",\"url\":\"https:\\\/\\\/tuuri.fi\\\/en\\\/\",\"logo\":{\"@type\":\"ImageObject\",\"inLanguage\":\"en-US\",\"@id\":\"https:\\\/\\\/tuuri.fi\\\/en\\\/#\\\/schema\\\/logo\\\/image\\\/\",\"url\":\"https:\\\/\\\/tuuri.fi\\\/wp-content\\\/uploads\\\/2019\\\/10\\\/cropped-logo512-PNG.png\",\"contentUrl\":\"https:\\\/\\\/tuuri.fi\\\/wp-content\\\/uploads\\\/2019\\\/10\\\/cropped-logo512-PNG.png\",\"width\":512,\"height\":512,\"caption\":\"Keskisen Kyl\u00e4kauppa\"},\"image\":{\"@id\":\"https:\\\/\\\/tuuri.fi\\\/en\\\/#\\\/schema\\\/logo\\\/image\\\/\"},\"sameAs\":[\"https:\\\/\\\/www.facebook.com\\\/KylakauppaVeljeksetKeskinen\\\/\",\"https:\\\/\\\/x.com\\\/Kylakauppa\",\"https:\\\/\\\/www.instagram.com\\\/kylakauppa\\\/\",\"https:\\\/\\\/www.linkedin.com\\\/company\\\/109496\\\/\"]}]}<\/script>\n<!-- \/ Yoast SEO plugin. -->","yoast_head_json":{"title":"Vesa Keskinen - veitikka ja vision\u00e4\u00e4ri - Keskisen Kyl\u00e4kauppa","robots":{"index":"index","follow":"follow","max-snippet":"max-snippet:-1","max-image-preview":"max-image-preview:large","max-video-preview":"max-video-preview:-1"},"canonical":"https:\/\/tuuri.fi\/en\/tuote\/vesa-keskinen-veitikka-ja-visionaari\/","og_locale":"en_US","og_type":"article","og_title":"Vesa Keskinen - veitikka ja vision\u00e4\u00e4ri - Keskisen Kyl\u00e4kauppa","og_description":"Keskisen Kyl\u00e4kauppa ja sen is\u00e4nt\u00e4 Vesa Keskinen ovat maankuuluja. Kyl\u00e4kauppias Vesa Keskinen tunnetaan ennakkoluulottomana ja v\u00e4rikk\u00e4\u00e4n\u00e4 yritt\u00e4j\u00e4n\u00e4, joka on kahden vuosikymmenen kuluessa rakentanut Tuuriin Suomen suurimman tavaratalon hotelleineen, ravintoloineen ja oheistapahtumineen. Keskisen Kyl\u00e4kauppa on maamme suosituin matkailukohde. VESA KESKINEN \u2013 veitikka ja vision\u00e4\u00e4ri -kirja kertoo, kuinka kasvuprojekti sai alkunsa \u2013 ja jatkuu yh\u00e4 edelleen \u2013 [&hellip;]","og_url":"https:\/\/tuuri.fi\/en\/tuote\/vesa-keskinen-veitikka-ja-visionaari\/","og_site_name":"Keskisen Kyl\u00e4kauppa","article_publisher":"https:\/\/www.facebook.com\/KylakauppaVeljeksetKeskinen\/","article_modified_time":"2025-04-29T05:09:42+00:00","og_image":[{"width":300,"height":300,"url":"https:\/\/tuuri.fi\/wp-content\/uploads\/2019\/10\/veitikkajavisionaari.jpg","type":"image\/jpeg"}],"twitter_card":"summary_large_image","twitter_site":"@Kylakauppa","twitter_misc":{"Est. reading time":"2 minutes"},"schema":{"@context":"https:\/\/schema.org","@graph":[{"@type":"WebPage","@id":"https:\/\/tuuri.fi\/en\/tuote\/vesa-keskinen-veitikka-ja-visionaari\/","url":"https:\/\/tuuri.fi\/en\/tuote\/vesa-keskinen-veitikka-ja-visionaari\/","name":"Vesa Keskinen - veitikka ja vision\u00e4\u00e4ri - Keskisen Kyl\u00e4kauppa","isPartOf":{"@id":"https:\/\/tuuri.fi\/en\/#website"},"primaryImageOfPage":{"@id":"https:\/\/tuuri.fi\/en\/tuote\/vesa-keskinen-veitikka-ja-visionaari\/#primaryimage"},"image":{"@id":"https:\/\/tuuri.fi\/en\/tuote\/vesa-keskinen-veitikka-ja-visionaari\/#primaryimage"},"thumbnailUrl":"https:\/\/tuuri.fi\/wp-content\/uploads\/2019\/10\/veitikkajavisionaari.jpg","datePublished":"2019-10-30T08:15:36+00:00","dateModified":"2025-04-29T05:09:42+00:00","breadcrumb":{"@id":"https:\/\/tuuri.fi\/en\/tuote\/vesa-keskinen-veitikka-ja-visionaari\/#breadcrumb"},"inLanguage":"en-US","potentialAction":[{"@type":"ReadAction","target":["https:\/\/tuuri.fi\/en\/tuote\/vesa-keskinen-veitikka-ja-visionaari\/"]}]},{"@type":"ImageObject","inLanguage":"en-US","@id":"https:\/\/tuuri.fi\/en\/tuote\/vesa-keskinen-veitikka-ja-visionaari\/#primaryimage","url":"https:\/\/tuuri.fi\/wp-content\/uploads\/2019\/10\/veitikkajavisionaari.jpg","contentUrl":"https:\/\/tuuri.fi\/wp-content\/uploads\/2019\/10\/veitikkajavisionaari.jpg","width":300,"height":300},{"@type":"BreadcrumbList","@id":"https:\/\/tuuri.fi\/en\/tuote\/vesa-keskinen-veitikka-ja-visionaari\/#breadcrumb","itemListElement":[{"@type":"ListItem","position":1,"name":"Etusivu","item":"https:\/\/tuuri.fi\/en\/"},{"@type":"ListItem","position":2,"name":"Lahjakorttiverkkokauppa","item":"https:\/\/tuuri.fi\/info\/lahjakorttiverkkokauppa\/"},{"@type":"ListItem","position":3,"name":"Vesa Keskinen &#8211; veitikka ja vision\u00e4\u00e4ri"}]},{"@type":"WebSite","@id":"https:\/\/tuuri.fi\/en\/#website","url":"https:\/\/tuuri.fi\/en\/","name":"Keskisen Kyl\u00e4kauppa","description":"Suomen Suurin Tavaratalo","publisher":{"@id":"https:\/\/tuuri.fi\/en\/#organization"},"potentialAction":[{"@type":"SearchAction","target":{"@type":"EntryPoint","urlTemplate":"https:\/\/tuuri.fi\/en\/?s={search_term_string}"},"query-input":{"@type":"PropertyValueSpecification","valueRequired":true,"valueName":"search_term_string"}}],"inLanguage":"en-US"},{"@type":"Organization","@id":"https:\/\/tuuri.fi\/en\/#organization","name":"Keskisen Kyl\u00e4kauppa","url":"https:\/\/tuuri.fi\/en\/","logo":{"@type":"ImageObject","inLanguage":"en-US","@id":"https:\/\/tuuri.fi\/en\/#\/schema\/logo\/image\/","url":"https:\/\/tuuri.fi\/wp-content\/uploads\/2019\/10\/cropped-logo512-PNG.png","contentUrl":"https:\/\/tuuri.fi\/wp-content\/uploads\/2019\/10\/cropped-logo512-PNG.png","width":512,"height":512,"caption":"Keskisen Kyl\u00e4kauppa"},"image":{"@id":"https:\/\/tuuri.fi\/en\/#\/schema\/logo\/image\/"},"sameAs":["https:\/\/www.facebook.com\/KylakauppaVeljeksetKeskinen\/","https:\/\/x.com\/Kylakauppa","https:\/\/www.instagram.com\/kylakauppa\/","https:\/\/www.linkedin.com\/company\/109496\/"]}]}},"_links":{"self":[{"href":"https:\/\/tuuri.fi\/en\/wp-json\/wp\/v2\/product\/1890","targetHints":{"allow":["GET"]}}],"collection":[{"href":"https:\/\/tuuri.fi\/en\/wp-json\/wp\/v2\/product"}],"about":[{"href":"https:\/\/tuuri.fi\/en\/wp-json\/wp\/v2\/types\/product"}],"version-history":[{"count":2,"href":"https:\/\/tuuri.fi\/en\/wp-json\/wp\/v2\/product\/1890\/revisions"}],"predecessor-version":[{"id":23047,"href":"https:\/\/tuuri.fi\/en\/wp-json\/wp\/v2\/product\/1890\/revisions\/23047"}],"wp:featuredmedia":[{"embeddable":true,"href":"https:\/\/tuuri.fi\/en\/wp-json\/wp\/v2\/media\/4894"}],"wp:attachment":[{"href":"https:\/\/tuuri.fi\/en\/wp-json\/wp\/v2\/media?parent=1890"}],"wp:term":[{"taxonomy":"product_brand","embeddable":true,"href":"https:\/\/tuuri.fi\/en\/wp-json\/wp\/v2\/product_brand?post=1890"},{"taxonomy":"product_cat","embeddable":true,"href":"https:\/\/tuuri.fi\/en\/wp-json\/wp\/v2\/product_cat?post=1890"},{"taxonomy":"product_tag","embeddable":true,"href":"https:\/\/tuuri.fi\/en\/wp-json\/wp\/v2\/product_tag?post=1890"}],"curies":[{"name":"wp","href":"https:\/\/api.w.org\/{rel}","templated":true}]}}