{"id":10692,"date":"2020-06-22T13:38:36","date_gmt":"2020-06-22T10:38:36","guid":{"rendered":"https:\/\/tuuri.fi\/how-to-get-here\/"},"modified":"2026-01-07T15:12:09","modified_gmt":"2026-01-07T13:12:09","slug":"how-to-get-here","status":"publish","type":"page","link":"https:\/\/tuuri.fi\/en\/how-to-get-here\/","title":{"rendered":"How to get here"},"content":{"rendered":"\t\t<div data-elementor-type=\"wp-page\" data-elementor-id=\"10692\" class=\"elementor elementor-10692 elementor-1164\" data-elementor-post-type=\"page\">\n\t\t\t\t\t\t<section class=\"elementor-section elementor-top-section elementor-element elementor-element-3185bd7 elementor-section-stretched elementor-section-height-min-height elementor-section-boxed elementor-section-height-default elementor-section-items-middle\" data-id=\"3185bd7\" data-element_type=\"section\" data-e-type=\"section\" data-settings=\"{&quot;stretch_section&quot;:&quot;section-stretched&quot;,&quot;background_background&quot;:&quot;classic&quot;}\">\n\t\t\t\t\t\t\t<div class=\"elementor-background-overlay\"><\/div>\n\t\t\t\t\t\t\t<div class=\"elementor-container elementor-column-gap-no\">\n\t\t\t\t\t<div class=\"elementor-column elementor-col-100 elementor-top-column elementor-element elementor-element-33e0403\" data-id=\"33e0403\" data-element_type=\"column\" data-e-type=\"column\">\n\t\t\t<div class=\"elementor-widget-wrap elementor-element-populated\">\n\t\t\t\t\t\t<div class=\"elementor-element elementor-element-60ab72c elementor-widget elementor-widget-heading\" data-id=\"60ab72c\" data-element_type=\"widget\" data-e-type=\"widget\" data-widget_type=\"heading.default\">\n\t\t\t\t<div class=\"elementor-widget-container\">\n\t\t\t\t\t<h2 class=\"elementor-heading-title elementor-size-default\">How to get here<\/h2>\t\t\t\t<\/div>\n\t\t\t\t<\/div>\n\t\t\t\t\t<\/div>\n\t\t<\/div>\n\t\t\t\t\t<\/div>\n\t\t<\/section>\n\t\t\t\t<section class=\"elementor-section elementor-top-section elementor-element elementor-element-b2bafca elementor-section-boxed elementor-section-height-default elementor-section-height-default\" data-id=\"b2bafca\" data-element_type=\"section\" data-e-type=\"section\">\n\t\t\t\t\t\t<div class=\"elementor-container elementor-column-gap-default\">\n\t\t\t\t\t<div class=\"elementor-column elementor-col-100 elementor-top-column elementor-element elementor-element-c6b00fe\" data-id=\"c6b00fe\" data-element_type=\"column\" data-e-type=\"column\">\n\t\t\t<div class=\"elementor-widget-wrap elementor-element-populated\">\n\t\t\t\t\t\t<div class=\"elementor-element elementor-element-3ed0829 elementor-align-left elementor-widget elementor-widget-breadcrumbs\" data-id=\"3ed0829\" data-element_type=\"widget\" data-e-type=\"widget\" data-widget_type=\"breadcrumbs.default\">\n\t\t\t\t<div class=\"elementor-widget-container\">\n\t\t\t\t\t<p id=\"breadcrumbs\"><span><span><a href=\"https:\/\/tuuri.fi\/en\/\">Etusivu<\/a><\/span><\/span><\/p>\t\t\t\t<\/div>\n\t\t\t\t<\/div>\n\t\t\t\t\t<\/div>\n\t\t<\/div>\n\t\t\t\t\t<\/div>\n\t\t<\/section>\n\t\t\t\t<section class=\"elementor-section elementor-top-section elementor-element elementor-element-18c8be4 elementor-section-boxed elementor-section-height-default elementor-section-height-default\" data-id=\"18c8be4\" data-element_type=\"section\" data-e-type=\"section\">\n\t\t\t\t\t\t<div class=\"elementor-container elementor-column-gap-default\">\n\t\t\t\t\t<div class=\"elementor-column elementor-col-50 elementor-top-column elementor-element elementor-element-5d106a8\" data-id=\"5d106a8\" data-element_type=\"column\" data-e-type=\"column\">\n\t\t\t<div class=\"elementor-widget-wrap elementor-element-populated\">\n\t\t\t\t\t\t<div class=\"elementor-element elementor-element-e85ccf5 elementor-widget elementor-widget-text-editor\" data-id=\"e85ccf5\" data-element_type=\"widget\" data-e-type=\"widget\" data-widget_type=\"text-editor.default\">\n\t\t\t\t<div class=\"elementor-widget-container\">\n\t\t\t\t\t\t\t\t\t<p><strong>Kyl\u00e4kauppa is eas<\/strong><strong>y to reach!<\/strong><\/p><p>The village of Tuuri is situated in Alavus, in the Southern Ostrobothnia region of Finland. Highway 18 goes through the village, and there is also a train stop in Tuuri, on the route between Sein\u00e4joki and Haapam\u00e4ki.<\/p><p><strong>Traffic connections<\/strong><\/p><p>Kyl\u00e4kauppa offers 20 charging stations for its customers. They are situated near Hotel OnnenT\u00e4hti. The charging stations are cordless, which means that the customers must have their own cables with them. The charging power is 22 kW.\u00a0<\/p><p>Trains stop next to Kyl\u00e4kauppa \u2013 check the timetables <em>here<\/em>.<\/p><p>Check bus timetables <em>here<\/em>.<\/p>\t\t\t\t\t\t\t\t<\/div>\n\t\t\t\t<\/div>\n\t\t\t\t\t<\/div>\n\t\t<\/div>\n\t\t\t\t<div class=\"elementor-column elementor-col-50 elementor-top-column elementor-element elementor-element-65f02ba\" data-id=\"65f02ba\" data-element_type=\"column\" data-e-type=\"column\">\n\t\t\t<div class=\"elementor-widget-wrap elementor-element-populated\">\n\t\t\t\t\t\t<div class=\"elementor-element elementor-element-75a187c elementor-widget elementor-widget-image\" data-id=\"75a187c\" data-element_type=\"widget\" data-e-type=\"widget\" data-widget_type=\"image.default\">\n\t\t\t\t<div class=\"elementor-widget-container\">\n\t\t\t\t\t\t\t\t\t\t\t\t\t\t\t<img decoding=\"async\" src=\"https:\/\/tuuri.fi\/wp-content\/uploads\/2020\/01\/saapuminen_640x445.jpg\" title=\"saapuminen_640x445\" alt=\"saapuminen_640x445\" loading=\"lazy\" \/>\t\t\t\t\t\t\t\t\t\t\t\t\t\t\t<\/div>\n\t\t\t\t<\/div>\n\t\t\t\t\t<\/div>\n\t\t<\/div>\n\t\t\t\t\t<\/div>\n\t\t<\/section>\n\t\t\t\t<section class=\"elementor-section elementor-top-section elementor-element elementor-element-cc3b1fd elementor-section-boxed elementor-section-height-default elementor-section-height-default\" data-id=\"cc3b1fd\" data-element_type=\"section\" data-e-type=\"section\">\n\t\t\t\t\t\t<div class=\"elementor-container elementor-column-gap-default\">\n\t\t\t\t\t<div class=\"elementor-column elementor-col-100 elementor-top-column elementor-element elementor-element-1e920d6\" data-id=\"1e920d6\" data-element_type=\"column\" data-e-type=\"column\">\n\t\t\t<div class=\"elementor-widget-wrap elementor-element-populated\">\n\t\t\t\t\t\t<div class=\"elementor-element elementor-element-9d7dc29 elementor-widget elementor-widget-heading\" data-id=\"9d7dc29\" data-element_type=\"widget\" data-e-type=\"widget\" data-widget_type=\"heading.default\">\n\t\t\t\t<div class=\"elementor-widget-container\">\n\t\t\t\t\t<h2 class=\"elementor-heading-title elementor-size-default\">Maps<\/h2>\t\t\t\t<\/div>\n\t\t\t\t<\/div>\n\t\t\t\t<div class=\"elementor-element elementor-element-05d9dd0 elementor-widget elementor-widget-toggle\" data-id=\"05d9dd0\" data-element_type=\"widget\" data-e-type=\"widget\" data-widget_type=\"toggle.default\">\n\t\t\t\t<div class=\"elementor-widget-container\">\n\t\t\t\t\t\t\t<div class=\"elementor-toggle\">\n\t\t\t\t\t\t\t<div class=\"elementor-toggle-item\">\n\t\t\t\t\t<div id=\"elementor-tab-title-6131\" class=\"elementor-tab-title\" data-tab=\"1\" role=\"button\" aria-controls=\"elementor-tab-content-6131\" aria-expanded=\"false\">\n\t\t\t\t\t\t\t\t\t\t\t\t<span class=\"elementor-toggle-icon elementor-toggle-icon-left\" aria-hidden=\"true\">\n\t\t\t\t\t\t\t\t\t\t\t\t\t\t\t<span class=\"elementor-toggle-icon-closed\"><i class=\"fas fa-caret-right\"><\/i><\/span>\n\t\t\t\t\t\t\t\t<span class=\"elementor-toggle-icon-opened\"><i class=\"elementor-toggle-icon-opened fas fa-caret-up\"><\/i><\/span>\n\t\t\t\t\t\t\t\t\t\t\t\t\t<\/span>\n\t\t\t\t\t\t\t\t\t\t\t\t<a class=\"elementor-toggle-title\" tabindex=\"0\">Department Store map<\/a>\n\t\t\t\t\t<\/div>\n\n\t\t\t\t\t<div id=\"elementor-tab-content-6131\" class=\"elementor-tab-content elementor-clearfix\" data-tab=\"1\" role=\"region\" aria-labelledby=\"elementor-tab-title-6131\"><p><iframe style=\"float: left; display: inline; width: 250px; height: 350px;\" src=\"https:\/\/viewer.ipaper.io\/veljekset-keskinen-oy\/kylakaupan-kartat\/-\/embedded\/flat\/singlepage\/1\/\" width=\"380px\" height=\"528px\" frameborder=\"0\" scrolling=\"no\"><\/iframe><\/p>\n<p><!-- iPaper snippet end --><\/p>\n<\/div>\n\t\t\t\t<\/div>\n\t\t\t\t\t\t\t\t<\/div>\n\t\t\t\t\t\t<\/div>\n\t\t\t\t<\/div>\n\t\t\t\t\t<\/div>\n\t\t<\/div>\n\t\t\t\t\t<\/div>\n\t\t<\/section>\n\t\t\t\t<section class=\"elementor-section elementor-top-section elementor-element elementor-element-7e1d477 elementor-section-boxed elementor-section-height-default elementor-section-height-default\" data-id=\"7e1d477\" data-element_type=\"section\" data-e-type=\"section\">\n\t\t\t\t\t\t<div class=\"elementor-container elementor-column-gap-default\">\n\t\t\t\t\t<div class=\"elementor-column elementor-col-100 elementor-top-column elementor-element elementor-element-59dbb6f\" data-id=\"59dbb6f\" data-element_type=\"column\" data-e-type=\"column\">\n\t\t\t<div class=\"elementor-widget-wrap elementor-element-populated\">\n\t\t\t\t\t\t<div class=\"elementor-element elementor-element-0402b84 elementor-widget elementor-widget-google_maps\" data-id=\"0402b84\" data-element_type=\"widget\" data-e-type=\"widget\" data-widget_type=\"google_maps.default\">\n\t\t\t\t<div class=\"elementor-widget-container\">\n\t\t\t\t\t\t\t<div class=\"elementor-custom-embed\">\n\t\t\t<iframe loading=\"lazy\"\n\t\t\t\t\tsrc=\"https:\/\/maps.google.com\/maps?q=Kyl%C3%A4kauppa%20Veljekset%20Keskinen&#038;t=m&#038;z=7&#038;output=embed&#038;iwloc=near\"\n\t\t\t\t\ttitle=\"Kyl\u00e4kauppa Veljekset Keskinen\"\n\t\t\t\t\taria-label=\"Kyl\u00e4kauppa Veljekset Keskinen\"\n\t\t\t><\/iframe>\n\t\t<\/div>\n\t\t\t\t\t\t<\/div>\n\t\t\t\t<\/div>\n\t\t\t\t\t<\/div>\n\t\t<\/div>\n\t\t\t\t\t<\/div>\n\t\t<\/section>\n\t\t\t\t<\/div>\n\t\t","protected":false},"excerpt":{"rendered":"<p>How to get here Kyl\u00e4kauppa is easy to reach! The village of Tuuri is situated in Alavus, in the Southern Ostrobothnia region of Finland. Highway 18 goes through the village, and there is also a train stop in Tuuri, on the route between Sein\u00e4joki and Haapam\u00e4ki. Traffic connections Kyl\u00e4kauppa offers 20 charging stations for its [&hellip;]<\/p>\n","protected":false},"author":12,"featured_media":0,"parent":0,"menu_order":0,"comment_status":"closed","ping_status":"closed","template":"","meta":{"ocean_post_layout":"","ocean_both_sidebars_style":"","ocean_both_sidebars_content_width":0,"ocean_both_sidebars_sidebars_width":0,"ocean_sidebar":"0","ocean_second_sidebar":"0","ocean_disable_margins":"on","ocean_add_body_class":"","ocean_shortcode_before_top_bar":"","ocean_shortcode_after_top_bar":"","ocean_shortcode_before_header":"","ocean_shortcode_after_header":"","ocean_has_shortcode":"","ocean_shortcode_after_title":"","ocean_shortcode_before_footer_widgets":"","ocean_shortcode_after_footer_widgets":"","ocean_shortcode_before_footer_bottom":"","ocean_shortcode_after_footer_bottom":"","ocean_display_top_bar":"default","ocean_display_header":"default","ocean_header_style":"","ocean_center_header_left_menu":"0","ocean_custom_header_template":"0","ocean_custom_logo":0,"ocean_custom_retina_logo":0,"ocean_custom_logo_max_width":0,"ocean_custom_logo_tablet_max_width":0,"ocean_custom_logo_mobile_max_width":0,"ocean_custom_logo_max_height":0,"ocean_custom_logo_tablet_max_height":0,"ocean_custom_logo_mobile_max_height":0,"ocean_header_custom_menu":"0","ocean_menu_typo_font_family":"0","ocean_menu_typo_font_subset":"","ocean_menu_typo_font_size":0,"ocean_menu_typo_font_size_tablet":0,"ocean_menu_typo_font_size_mobile":0,"ocean_menu_typo_font_size_unit":"px","ocean_menu_typo_font_weight":"","ocean_menu_typo_font_weight_tablet":"","ocean_menu_typo_font_weight_mobile":"","ocean_menu_typo_transform":"","ocean_menu_typo_transform_tablet":"","ocean_menu_typo_transform_mobile":"","ocean_menu_typo_line_height":0,"ocean_menu_typo_line_height_tablet":0,"ocean_menu_typo_line_height_mobile":0,"ocean_menu_typo_line_height_unit":"","ocean_menu_typo_spacing":0,"ocean_menu_typo_spacing_tablet":0,"ocean_menu_typo_spacing_mobile":0,"ocean_menu_typo_spacing_unit":"","ocean_menu_link_color":"","ocean_menu_link_color_hover":"","ocean_menu_link_color_active":"","ocean_menu_link_background":"","ocean_menu_link_hover_background":"","ocean_menu_link_active_background":"","ocean_menu_social_links_bg":"","ocean_menu_social_hover_links_bg":"","ocean_menu_social_links_color":"","ocean_menu_social_hover_links_color":"","ocean_disable_title":"default","ocean_disable_heading":"default","ocean_post_title":"","ocean_post_subheading":"","ocean_post_title_style":"","ocean_post_title_background_color":"","ocean_post_title_background":0,"ocean_post_title_bg_image_position":"","ocean_post_title_bg_image_attachment":"","ocean_post_title_bg_image_repeat":"","ocean_post_title_bg_image_size":"","ocean_post_title_height":0,"ocean_post_title_bg_overlay":0.5,"ocean_post_title_bg_overlay_color":"","ocean_disable_breadcrumbs":"default","ocean_breadcrumbs_color":"","ocean_breadcrumbs_separator_color":"","ocean_breadcrumbs_links_color":"","ocean_breadcrumbs_links_hover_color":"","ocean_display_footer_widgets":"default","ocean_display_footer_bottom":"default","ocean_custom_footer_template":"0","footnotes":""},"class_list":["post-10692","page","type-page","status-publish","hentry","entry","owp-thumbs-layout-horizontal","owp-btn-normal","owp-tabs-layout-horizontal","has-no-thumbnails","has-product-nav"],"yoast_head":"<!-- This site is optimized with the Yoast SEO plugin v27.4 - https:\/\/yoast.com\/product\/yoast-seo-wordpress\/ -->\n<title>How to get here - Keskisen Kyl\u00e4kauppa<\/title>\n<meta name=\"description\" content=\"Kyl\u00e4kauppa is easy to reach! The village of Tuuri is situated in Alavus, in the Southern Ostrobothnia region of Finland. Highway 18 goes through the village, and there is also a train stop in Tuuri, on the route between Sein\u00e4joki and Haapam\u00e4ki.\" \/>\n<meta name=\"robots\" content=\"index, follow, max-snippet:-1, max-image-preview:large, max-video-preview:-1\" \/>\n<link rel=\"canonical\" href=\"https:\/\/tuuri.fi\/en\/how-to-get-here\/\" \/>\n<meta property=\"og:locale\" content=\"en_US\" \/>\n<meta property=\"og:type\" content=\"article\" \/>\n<meta property=\"og:title\" content=\"How to get here - Keskisen Kyl\u00e4kauppa\" \/>\n<meta property=\"og:description\" content=\"Kyl\u00e4kauppa is easy to reach! The village of Tuuri is situated in Alavus, in the Southern Ostrobothnia region of Finland. Highway 18 goes through the village, and there is also a train stop in Tuuri, on the route between Sein\u00e4joki and Haapam\u00e4ki.\" \/>\n<meta property=\"og:url\" content=\"https:\/\/tuuri.fi\/en\/how-to-get-here\/\" \/>\n<meta property=\"og:site_name\" content=\"Keskisen Kyl\u00e4kauppa\" \/>\n<meta property=\"article:publisher\" content=\"https:\/\/www.facebook.com\/KylakauppaVeljeksetKeskinen\/\" \/>\n<meta property=\"article:modified_time\" content=\"2026-01-07T13:12:09+00:00\" \/>\n<meta property=\"og:image\" content=\"https:\/\/uusi.tuuri.fi\/wp-content\/uploads\/2011\/12\/1200x600.jpg\" \/>\n<meta name=\"twitter:card\" content=\"summary_large_image\" \/>\n<meta name=\"twitter:site\" content=\"@Kylakauppa\" \/>\n<meta name=\"twitter:label1\" content=\"Est. reading time\" \/>\n\t<meta name=\"twitter:data1\" content=\"1 minute\" \/>\n<script type=\"application\/ld+json\" class=\"yoast-schema-graph\">{\"@context\":\"https:\\\/\\\/schema.org\",\"@graph\":[{\"@type\":\"WebPage\",\"@id\":\"https:\\\/\\\/tuuri.fi\\\/en\\\/how-to-get-here\\\/\",\"url\":\"https:\\\/\\\/tuuri.fi\\\/en\\\/how-to-get-here\\\/\",\"name\":\"How to get here - Keskisen Kyl\u00e4kauppa\",\"isPartOf\":{\"@id\":\"https:\\\/\\\/tuuri.fi\\\/en\\\/#website\"},\"primaryImageOfPage\":{\"@id\":\"https:\\\/\\\/tuuri.fi\\\/en\\\/how-to-get-here\\\/#primaryimage\"},\"image\":{\"@id\":\"https:\\\/\\\/tuuri.fi\\\/en\\\/how-to-get-here\\\/#primaryimage\"},\"thumbnailUrl\":\"https:\\\/\\\/tuuri.fi\\\/wp-content\\\/uploads\\\/2020\\\/01\\\/saapuminen_640x445.jpg\",\"datePublished\":\"2020-06-22T10:38:36+00:00\",\"dateModified\":\"2026-01-07T13:12:09+00:00\",\"description\":\"Kyl\u00e4kauppa is easy to reach! The village of Tuuri is situated in Alavus, in the Southern Ostrobothnia region of Finland. Highway 18 goes through the village, and there is also a train stop in Tuuri, on the route between Sein\u00e4joki and Haapam\u00e4ki.\",\"breadcrumb\":{\"@id\":\"https:\\\/\\\/tuuri.fi\\\/en\\\/how-to-get-here\\\/#breadcrumb\"},\"inLanguage\":\"en-US\",\"potentialAction\":[{\"@type\":\"ReadAction\",\"target\":[\"https:\\\/\\\/tuuri.fi\\\/en\\\/how-to-get-here\\\/\"]}]},{\"@type\":\"ImageObject\",\"inLanguage\":\"en-US\",\"@id\":\"https:\\\/\\\/tuuri.fi\\\/en\\\/how-to-get-here\\\/#primaryimage\",\"url\":\"https:\\\/\\\/tuuri.fi\\\/wp-content\\\/uploads\\\/2020\\\/01\\\/saapuminen_640x445.jpg\",\"contentUrl\":\"https:\\\/\\\/tuuri.fi\\\/wp-content\\\/uploads\\\/2020\\\/01\\\/saapuminen_640x445.jpg\"},{\"@type\":\"BreadcrumbList\",\"@id\":\"https:\\\/\\\/tuuri.fi\\\/en\\\/how-to-get-here\\\/#breadcrumb\",\"itemListElement\":[{\"@type\":\"ListItem\",\"position\":1,\"name\":\"Etusivu\",\"item\":\"https:\\\/\\\/tuuri.fi\\\/en\\\/\"},{\"@type\":\"ListItem\",\"position\":2,\"name\":\"How to get here\"}]},{\"@type\":\"WebSite\",\"@id\":\"https:\\\/\\\/tuuri.fi\\\/en\\\/#website\",\"url\":\"https:\\\/\\\/tuuri.fi\\\/en\\\/\",\"name\":\"Keskisen Kyl\u00e4kauppa\",\"description\":\"Suomen Suurin Tavaratalo\",\"publisher\":{\"@id\":\"https:\\\/\\\/tuuri.fi\\\/en\\\/#organization\"},\"potentialAction\":[{\"@type\":\"SearchAction\",\"target\":{\"@type\":\"EntryPoint\",\"urlTemplate\":\"https:\\\/\\\/tuuri.fi\\\/en\\\/?s={search_term_string}\"},\"query-input\":{\"@type\":\"PropertyValueSpecification\",\"valueRequired\":true,\"valueName\":\"search_term_string\"}}],\"inLanguage\":\"en-US\"},{\"@type\":\"Organization\",\"@id\":\"https:\\\/\\\/tuuri.fi\\\/en\\\/#organization\",\"name\":\"Keskisen Kyl\u00e4kauppa\",\"url\":\"https:\\\/\\\/tuuri.fi\\\/en\\\/\",\"logo\":{\"@type\":\"ImageObject\",\"inLanguage\":\"en-US\",\"@id\":\"https:\\\/\\\/tuuri.fi\\\/en\\\/#\\\/schema\\\/logo\\\/image\\\/\",\"url\":\"https:\\\/\\\/tuuri.fi\\\/wp-content\\\/uploads\\\/2019\\\/10\\\/cropped-logo512-PNG.png\",\"contentUrl\":\"https:\\\/\\\/tuuri.fi\\\/wp-content\\\/uploads\\\/2019\\\/10\\\/cropped-logo512-PNG.png\",\"width\":512,\"height\":512,\"caption\":\"Keskisen Kyl\u00e4kauppa\"},\"image\":{\"@id\":\"https:\\\/\\\/tuuri.fi\\\/en\\\/#\\\/schema\\\/logo\\\/image\\\/\"},\"sameAs\":[\"https:\\\/\\\/www.facebook.com\\\/KylakauppaVeljeksetKeskinen\\\/\",\"https:\\\/\\\/x.com\\\/Kylakauppa\",\"https:\\\/\\\/www.instagram.com\\\/kylakauppa\\\/\",\"https:\\\/\\\/www.linkedin.com\\\/company\\\/109496\\\/\"]}]}<\/script>\n<!-- \/ Yoast SEO plugin. -->","yoast_head_json":{"title":"How to get here - Keskisen Kyl\u00e4kauppa","description":"Kyl\u00e4kauppa is easy to reach! The village of Tuuri is situated in Alavus, in the Southern Ostrobothnia region of Finland. Highway 18 goes through the village, and there is also a train stop in Tuuri, on the route between Sein\u00e4joki and Haapam\u00e4ki.","robots":{"index":"index","follow":"follow","max-snippet":"max-snippet:-1","max-image-preview":"max-image-preview:large","max-video-preview":"max-video-preview:-1"},"canonical":"https:\/\/tuuri.fi\/en\/how-to-get-here\/","og_locale":"en_US","og_type":"article","og_title":"How to get here - Keskisen Kyl\u00e4kauppa","og_description":"Kyl\u00e4kauppa is easy to reach! The village of Tuuri is situated in Alavus, in the Southern Ostrobothnia region of Finland. Highway 18 goes through the village, and there is also a train stop in Tuuri, on the route between Sein\u00e4joki and Haapam\u00e4ki.","og_url":"https:\/\/tuuri.fi\/en\/how-to-get-here\/","og_site_name":"Keskisen Kyl\u00e4kauppa","article_publisher":"https:\/\/www.facebook.com\/KylakauppaVeljeksetKeskinen\/","article_modified_time":"2026-01-07T13:12:09+00:00","og_image":[{"url":"https:\/\/uusi.tuuri.fi\/wp-content\/uploads\/2011\/12\/1200x600.jpg","type":"","width":"","height":""}],"twitter_card":"summary_large_image","twitter_site":"@Kylakauppa","twitter_misc":{"Est. reading time":"1 minute"},"schema":{"@context":"https:\/\/schema.org","@graph":[{"@type":"WebPage","@id":"https:\/\/tuuri.fi\/en\/how-to-get-here\/","url":"https:\/\/tuuri.fi\/en\/how-to-get-here\/","name":"How to get here - Keskisen Kyl\u00e4kauppa","isPartOf":{"@id":"https:\/\/tuuri.fi\/en\/#website"},"primaryImageOfPage":{"@id":"https:\/\/tuuri.fi\/en\/how-to-get-here\/#primaryimage"},"image":{"@id":"https:\/\/tuuri.fi\/en\/how-to-get-here\/#primaryimage"},"thumbnailUrl":"https:\/\/tuuri.fi\/wp-content\/uploads\/2020\/01\/saapuminen_640x445.jpg","datePublished":"2020-06-22T10:38:36+00:00","dateModified":"2026-01-07T13:12:09+00:00","description":"Kyl\u00e4kauppa is easy to reach! The village of Tuuri is situated in Alavus, in the Southern Ostrobothnia region of Finland. Highway 18 goes through the village, and there is also a train stop in Tuuri, on the route between Sein\u00e4joki and Haapam\u00e4ki.","breadcrumb":{"@id":"https:\/\/tuuri.fi\/en\/how-to-get-here\/#breadcrumb"},"inLanguage":"en-US","potentialAction":[{"@type":"ReadAction","target":["https:\/\/tuuri.fi\/en\/how-to-get-here\/"]}]},{"@type":"ImageObject","inLanguage":"en-US","@id":"https:\/\/tuuri.fi\/en\/how-to-get-here\/#primaryimage","url":"https:\/\/tuuri.fi\/wp-content\/uploads\/2020\/01\/saapuminen_640x445.jpg","contentUrl":"https:\/\/tuuri.fi\/wp-content\/uploads\/2020\/01\/saapuminen_640x445.jpg"},{"@type":"BreadcrumbList","@id":"https:\/\/tuuri.fi\/en\/how-to-get-here\/#breadcrumb","itemListElement":[{"@type":"ListItem","position":1,"name":"Etusivu","item":"https:\/\/tuuri.fi\/en\/"},{"@type":"ListItem","position":2,"name":"How to get here"}]},{"@type":"WebSite","@id":"https:\/\/tuuri.fi\/en\/#website","url":"https:\/\/tuuri.fi\/en\/","name":"Keskisen Kyl\u00e4kauppa","description":"Suomen Suurin Tavaratalo","publisher":{"@id":"https:\/\/tuuri.fi\/en\/#organization"},"potentialAction":[{"@type":"SearchAction","target":{"@type":"EntryPoint","urlTemplate":"https:\/\/tuuri.fi\/en\/?s={search_term_string}"},"query-input":{"@type":"PropertyValueSpecification","valueRequired":true,"valueName":"search_term_string"}}],"inLanguage":"en-US"},{"@type":"Organization","@id":"https:\/\/tuuri.fi\/en\/#organization","name":"Keskisen Kyl\u00e4kauppa","url":"https:\/\/tuuri.fi\/en\/","logo":{"@type":"ImageObject","inLanguage":"en-US","@id":"https:\/\/tuuri.fi\/en\/#\/schema\/logo\/image\/","url":"https:\/\/tuuri.fi\/wp-content\/uploads\/2019\/10\/cropped-logo512-PNG.png","contentUrl":"https:\/\/tuuri.fi\/wp-content\/uploads\/2019\/10\/cropped-logo512-PNG.png","width":512,"height":512,"caption":"Keskisen Kyl\u00e4kauppa"},"image":{"@id":"https:\/\/tuuri.fi\/en\/#\/schema\/logo\/image\/"},"sameAs":["https:\/\/www.facebook.com\/KylakauppaVeljeksetKeskinen\/","https:\/\/x.com\/Kylakauppa","https:\/\/www.instagram.com\/kylakauppa\/","https:\/\/www.linkedin.com\/company\/109496\/"]}]}},"_links":{"self":[{"href":"https:\/\/tuuri.fi\/en\/wp-json\/wp\/v2\/pages\/10692","targetHints":{"allow":["GET"]}}],"collection":[{"href":"https:\/\/tuuri.fi\/en\/wp-json\/wp\/v2\/pages"}],"about":[{"href":"https:\/\/tuuri.fi\/en\/wp-json\/wp\/v2\/types\/page"}],"author":[{"embeddable":true,"href":"https:\/\/tuuri.fi\/en\/wp-json\/wp\/v2\/users\/12"}],"replies":[{"embeddable":true,"href":"https:\/\/tuuri.fi\/en\/wp-json\/wp\/v2\/comments?post=10692"}],"version-history":[{"count":7,"href":"https:\/\/tuuri.fi\/en\/wp-json\/wp\/v2\/pages\/10692\/revisions"}],"predecessor-version":[{"id":24565,"href":"https:\/\/tuuri.fi\/en\/wp-json\/wp\/v2\/pages\/10692\/revisions\/24565"}],"wp:attachment":[{"href":"https:\/\/tuuri.fi\/en\/wp-json\/wp\/v2\/media?parent=10692"}],"curies":[{"name":"wp","href":"https:\/\/api.w.org\/{rel}","templated":true}]}}