{"id":10518,"date":"2020-06-12T10:01:11","date_gmt":"2020-06-12T07:01:11","guid":{"rendered":"https:\/\/tuuri.fi\/dining\/lunch-menus\/"},"modified":"2020-06-12T10:01:11","modified_gmt":"2020-06-12T07:01:11","slug":"lunch-menus","status":"publish","type":"page","link":"https:\/\/tuuri.fi\/en\/dining\/lunch-menus\/","title":{"rendered":"Lunch menus"},"content":{"rendered":"\t\t<div data-elementor-type=\"wp-page\" data-elementor-id=\"10518\" class=\"elementor elementor-10518 elementor-445\" data-elementor-post-type=\"page\">\n\t\t\t\t\t\t<section class=\"elementor-section elementor-top-section elementor-element elementor-element-ce0fcd3 elementor-section-stretched elementor-section-height-min-height elementor-section-boxed elementor-section-height-default elementor-section-items-middle\" data-id=\"ce0fcd3\" data-element_type=\"section\" data-e-type=\"section\" data-settings=\"{&quot;stretch_section&quot;:&quot;section-stretched&quot;,&quot;background_background&quot;:&quot;classic&quot;}\">\n\t\t\t\t\t\t\t<div class=\"elementor-background-overlay\"><\/div>\n\t\t\t\t\t\t\t<div class=\"elementor-container elementor-column-gap-no\">\n\t\t\t\t\t<div class=\"elementor-column elementor-col-100 elementor-top-column elementor-element elementor-element-5380890\" data-id=\"5380890\" data-element_type=\"column\" data-e-type=\"column\">\n\t\t\t<div class=\"elementor-widget-wrap elementor-element-populated\">\n\t\t\t\t\t\t<div class=\"elementor-element elementor-element-2a2f256 elementor-widget elementor-widget-heading\" data-id=\"2a2f256\" data-element_type=\"widget\" data-e-type=\"widget\" data-widget_type=\"heading.default\">\n\t\t\t\t<div class=\"elementor-widget-container\">\n\t\t\t\t\t<h2 class=\"elementor-heading-title elementor-size-default\">Lunch menus<\/h2>\t\t\t\t<\/div>\n\t\t\t\t<\/div>\n\t\t\t\t\t<\/div>\n\t\t<\/div>\n\t\t\t\t\t<\/div>\n\t\t<\/section>\n\t\t\t\t<section class=\"elementor-section elementor-top-section elementor-element elementor-element-d6cd0a2 elementor-section-boxed elementor-section-height-default elementor-section-height-default\" data-id=\"d6cd0a2\" data-element_type=\"section\" data-e-type=\"section\">\n\t\t\t\t\t\t<div class=\"elementor-container elementor-column-gap-default\">\n\t\t\t\t\t<div class=\"elementor-column elementor-col-100 elementor-top-column elementor-element elementor-element-b806984\" data-id=\"b806984\" data-element_type=\"column\" data-e-type=\"column\">\n\t\t\t<div class=\"elementor-widget-wrap elementor-element-populated\">\n\t\t\t\t\t\t<div class=\"elementor-element elementor-element-1c41e4e elementor-align-left elementor-widget elementor-widget-breadcrumbs\" data-id=\"1c41e4e\" data-element_type=\"widget\" data-e-type=\"widget\" data-widget_type=\"breadcrumbs.default\">\n\t\t\t\t<div class=\"elementor-widget-container\">\n\t\t\t\t\t<p id=\"breadcrumbs\"><span><span><a href=\"https:\/\/tuuri.fi\/en\/\">Etusivu<\/a><\/span><\/span><\/p>\t\t\t\t<\/div>\n\t\t\t\t<\/div>\n\t\t\t\t\t<\/div>\n\t\t<\/div>\n\t\t\t\t\t<\/div>\n\t\t<\/section>\n\t\t\t\t<section class=\"elementor-section elementor-top-section elementor-element elementor-element-b346923 elementor-section-boxed elementor-section-height-default elementor-section-height-default\" data-id=\"b346923\" data-element_type=\"section\" data-e-type=\"section\">\n\t\t\t\t\t\t<div class=\"elementor-container elementor-column-gap-default\">\n\t\t\t\t\t<div class=\"elementor-column elementor-col-100 elementor-top-column elementor-element elementor-element-5e2527b\" data-id=\"5e2527b\" data-element_type=\"column\" data-e-type=\"column\">\n\t\t\t<div class=\"elementor-widget-wrap elementor-element-populated\">\n\t\t\t\t\t\t<div class=\"elementor-element elementor-element-6ca180e elementor-widget elementor-widget-toggle\" data-id=\"6ca180e\" data-element_type=\"widget\" data-e-type=\"widget\" data-widget_type=\"toggle.default\">\n\t\t\t\t<div class=\"elementor-widget-container\">\n\t\t\t\t\t\t\t<div class=\"elementor-toggle\">\n\t\t\t\t\t\t\t<div class=\"elementor-toggle-item\">\n\t\t\t\t\t<div id=\"elementor-tab-title-1131\" class=\"elementor-tab-title\" data-tab=\"1\" role=\"button\" aria-controls=\"elementor-tab-content-1131\" aria-expanded=\"false\">\n\t\t\t\t\t\t\t\t\t\t\t\t<span class=\"elementor-toggle-icon elementor-toggle-icon-left\" aria-hidden=\"true\">\n\t\t\t\t\t\t\t\t\t\t\t\t\t\t\t<span class=\"elementor-toggle-icon-closed\"><i class=\"fas fa-caret-right\"><\/i><\/span>\n\t\t\t\t\t\t\t\t<span class=\"elementor-toggle-icon-opened\"><i class=\"elementor-toggle-icon-opened fas fa-caret-up\"><\/i><\/span>\n\t\t\t\t\t\t\t\t\t\t\t\t\t<\/span>\n\t\t\t\t\t\t\t\t\t\t\t\t<a class=\"elementor-toggle-title\" tabindex=\"0\">OnnenKivi Restaurant<\/a>\n\t\t\t\t\t<\/div>\n\n\t\t\t\t\t<div id=\"elementor-tab-content-1131\" class=\"elementor-tab-content elementor-clearfix\" data-tab=\"1\" role=\"region\" aria-labelledby=\"elementor-tab-title-1131\"><p><br \/>\n\n<table id=\"tablepress-1\" class=\"tablepress tablepress-id-1\" aria-describedby=\"tablepress-1-description\">\n<tbody class=\"row-hover\">\n<tr class=\"row-1\">\n\t<td class=\"column-1\"><b>20.-26.4.2026 <\/b><\/td><td class=\"column-2\"><\/td>\n<\/tr>\n<tr class=\"row-2\">\n\t<td class=\"column-1\">Maanantai 20.4.<\/td><td class=\"column-2\">jauhelihapihvit (M,G)<br \/>\nsinappinen kermakastike (L,G)<br \/>\nkalaleike (L)<br \/>\nsitruuna-tillikastike (L,G)<br \/>\naura-punajuurikeitto (L,G)<\/td>\n<\/tr>\n<tr class=\"row-3\">\n\t<td class=\"column-1\">Tiistai 21.4.<\/td><td class=\"column-2\">kuorrutetut makkarapihvit (M,G)<br \/>\nruskea kastike (L,G)<br \/>\nranskalainen kanapata (L,G)<br \/>\nkukkakaalikeitto (L,G)<\/td>\n<\/tr>\n<tr class=\"row-4\">\n\t<td class=\"column-1\">Keskiviikko 22.4.<\/td><td class=\"column-2\">kanankoivet (M,G)<br \/>\nsweet chili -kastike (L,G)<br \/>\nkaalilaatikko (L,G)<br \/>\nseikeitto (L,G)<\/td>\n<\/tr>\n<tr class=\"row-5\">\n\t<td class=\"column-1\">Torstai 23.4.<\/td><td class=\"column-2\">toscanalainen kanapata (L,G)<br \/>\nmantelikala (L)<br \/>\nkaali-jauhelihakeitto (M,G)<\/td>\n<\/tr>\n<tr class=\"row-6\">\n\t<td class=\"column-1\">Perjantai 24.4.<\/td><td class=\"column-2\">jauhemaksapihvit (L,G)<br \/>\nruskea sipulikastike (L,G)<br \/>\nkana-kasviskiusaus (L,G)<br \/>\nsamettinen bataattisosekeitto (L,G)<\/td>\n<\/tr>\n<tr class=\"row-7\">\n\t<td class=\"column-1\">Lauantai 25.4.<\/td><td class=\"column-2\">tulinen possupata (M,G)<br \/>\nIgorin kanapata (L,G)<br \/>\nmaa-artisokkakeitto (L,G)<\/td>\n<\/tr>\n<tr class=\"row-8\">\n\t<td class=\"column-1\">Sunnuntai 26.4.<\/td><td class=\"column-2\">burgundinpata (M,G)<br \/>\nlohikiusaus (L,G)<br \/>\nriistakeitto (M,G)<\/td>\n<\/tr>\n<tr class=\"row-9\">\n\t<td class=\"column-1\"><b>27.4.-3.5.2026<\/b><\/td><td class=\"column-2\"><\/td>\n<\/tr>\n<tr class=\"row-10\">\n\t<td class=\"column-1\">Maanantai 27.4.<\/td><td class=\"column-2\">uunimakkara (M,G)<br \/>\nruskea kastike (L,G)<br \/>\nsilakkapihvit (L)<br \/>\nkylm\u00e4 tilli-smetanakastike (L,G)<br \/>\nkasvissosekeitto (L,G)<\/td>\n<\/tr>\n<tr class=\"row-11\">\n\t<td class=\"column-1\">Tiistai 28.4.<\/td><td class=\"column-2\">jauhelihapihvit (M,G)<br \/>\nruskea sipulikastike (L,G)<br \/>\nkasvis-kanapasta (L)<br \/>\nparsakeitto (L,G)<\/td>\n<\/tr>\n<tr class=\"row-12\">\n\t<td class=\"column-1\">Keskiviikko 29.4.<\/td><td class=\"column-2\">porsaanleike (L)<br \/>\npippurikastike (L,G)<br \/>\naura-kanapata (L,G)<br \/>\nherkkusienikeitto (L,G)<\/td>\n<\/tr>\n<tr class=\"row-13\">\n\t<td class=\"column-1\">Torstai 30.4.<\/td><td class=\"column-2\">nautakebabkastike (M,G)<br \/>\nriisi (M,G)<br \/>\npestokana (M,G)<br \/>\nvalkosipulikastike (L,G)<br \/>\nhernekeitto (M,G)<\/td>\n<\/tr>\n<tr class=\"row-14\">\n\t<td class=\"column-1\">Perjantai 1.5.<\/td><td class=\"column-2\">lihapullakastike (L,G)<br \/>\nmarinoitu kananleike (M,G)<br \/>\nbearnaisekastike (L,G)<br \/>\nkermainen seikeitto (L,G)<\/td>\n<\/tr>\n<tr class=\"row-15\">\n\t<td class=\"column-1\">Lauantai 2.5.<\/td><td class=\"column-2\">talon lihapata (L,G)<br \/>\nsei hollandaisekastikkeessa (L,G)<br \/>\nmustajuurikeitto (L,G)<\/td>\n<\/tr>\n<tr class=\"row-16\">\n\t<td class=\"column-1\">Sunnuntai 3.5.<\/td><td class=\"column-2\">ylikyps\u00e4 BBQ-kassler (M,G)<br \/>\nkana-aurakiusaus (L,G)<br \/>\nsamettinen bataattikeitto (L,G)<\/td>\n<\/tr>\n<\/tbody>\n<\/table>\n<span id=\"tablepress-1-description\" class=\"tablepress-table-description tablepress-table-description-id-1\"><hr \/><hr \/>Joka p\u00e4iv\u00e4 tarjolla my\u00f6s kasvislounasvaihtoehto.<br \/>\n<br \/>\n<b>aikuiset 11,90 \u20ac, lapset 8-12 vuotta 7,90 \u20ac, 3-7 vuotta 5,90 \u20ac ja alle 3-vuotiaat ilmaiseksi ruokailevan aikuisen seurassa. <\/b><br \/>\n(sis. noutop\u00f6yd\u00e4st\u00e4 salaatit, keitto, l\u00e4mmin ruoka, leiv\u00e4t, levite, ruokajuomat ja j\u00e4lkiruokakahvi)<br \/>\n<b>Keitto 7,90 \u20ac <\/b><br \/>\n<b>Salaatti 7,90 \u20ac <\/b><br \/>\n<b>Keitto + salaatti 8,90 \u20ac<\/b><br \/>\n(sis. noutop\u00f6yd\u00e4st\u00e4 salaatit, leiv\u00e4t, levite, ruokajuomat ja j\u00e4lkiruokakahvi)<br \/>\n<br \/>\nHuom! Keitti\u00f6 sulkeutuu ja anniskelu p\u00e4\u00e4ttyy 30 minuuttia ennen sulkemisaikaa<br \/>\n<br \/>\n<i>Pid\u00e4t\u00e4mme kaikki oikeudet mahdollisiin muutoksiin.<\/i><br \/>\n<br \/>\nSuurten ryhmien (yli 30 henkil\u00f6\u00e4) kannattaa ilmoittaa tulosta etuk\u00e4teen, jotta voimme taata sujuvan ruokailun. Ota yhteytt\u00e4 myyntipalveluun,  p. 010 770 7013.<br \/>\n<\/span>\n<!-- #tablepress-1 from cache --><br \/>\n<br \/>\n<\/p>\n<\/div>\n\t\t\t\t<\/div>\n\t\t\t\t\t\t\t<div class=\"elementor-toggle-item\">\n\t\t\t\t\t<div id=\"elementor-tab-title-1132\" class=\"elementor-tab-title\" data-tab=\"2\" role=\"button\" aria-controls=\"elementor-tab-content-1132\" aria-expanded=\"false\">\n\t\t\t\t\t\t\t\t\t\t\t\t<span class=\"elementor-toggle-icon elementor-toggle-icon-left\" aria-hidden=\"true\">\n\t\t\t\t\t\t\t\t\t\t\t\t\t\t\t<span class=\"elementor-toggle-icon-closed\"><i class=\"fas fa-caret-right\"><\/i><\/span>\n\t\t\t\t\t\t\t\t<span class=\"elementor-toggle-icon-opened\"><i class=\"elementor-toggle-icon-opened fas fa-caret-up\"><\/i><\/span>\n\t\t\t\t\t\t\t\t\t\t\t\t\t<\/span>\n\t\t\t\t\t\t\t\t\t\t\t\t<a class=\"elementor-toggle-title\" tabindex=\"0\">Kyl\u00e4kauppa Gas Station<\/a>\n\t\t\t\t\t<\/div>\n\n\t\t\t\t\t<div id=\"elementor-tab-content-1132\" class=\"elementor-tab-content elementor-clearfix\" data-tab=\"2\" role=\"region\" aria-labelledby=\"elementor-tab-title-1132\"><p><br \/>\n\n<table id=\"tablepress-2\" class=\"tablepress tablepress-id-2\" aria-describedby=\"tablepress-2-description\">\n<tbody class=\"row-hover\">\n<tr class=\"row-1\">\n\t<td class=\"column-1\"><b>20.-26.4.2026 <\/b><\/td><td class=\"column-2\"><\/td>\n<\/tr>\n<tr class=\"row-2\">\n\t<td class=\"column-1\">Maanantai 20.4.<\/td><td class=\"column-2\">pekonilla ja kananmunalla h\u00f6ystetty pyttipannu (M,G)<br \/>\nkurkkusalaatti (M,G)<br \/>\nkermainen valkosipulikana (L,G)<br \/>\nnakkikeitto (M,G)<\/td>\n<\/tr>\n<tr class=\"row-3\">\n\t<td class=\"column-1\">Tiistai 21.4.<\/td><td class=\"column-2\">mureat possun potkapalat ruskeassa kastikkeessa (L)<br \/>\njuustolla kuorrutetut makkarapihvit (L,G)<br \/>\nkurkkusalaatti (M,G)<br \/>\nseikeitto (L,G)<\/td>\n<\/tr>\n<tr class=\"row-4\">\n\t<td class=\"column-1\">Keskiviikko 22.4.<\/td><td class=\"column-2\">jauhelihamakaronilaatikko (L)<br \/>\nkermaiset tomaattisilakat (L,G)<br \/>\nkanakeitto (M,G)<\/td>\n<\/tr>\n<tr class=\"row-5\">\n\t<td class=\"column-1\">Torstai 23.4.<\/td><td class=\"column-2\">rapeaksi paistetut kalapuikot (M)<br \/>\nkananmunakastike (L)<br \/>\nkinkku-salami-aurakiusaus (L,G)<br \/>\nhernekeitto (M,G)<\/td>\n<\/tr>\n<tr class=\"row-6\">\n\t<td class=\"column-1\">Perjantai 24.4.<\/td><td class=\"column-2\">paahdetut kanankoivet (M,G)<br \/>\nchilimajoneesi (L,G)<br \/>\nlihapullakastike (L)<br \/>\nsiskonmakkarakeitto (M,G)<\/td>\n<\/tr>\n<tr class=\"row-7\">\n\t<td class=\"column-1\">Lauantai 25.4.<\/td><td class=\"column-2\">kahvilapalvelut<\/td>\n<\/tr>\n<tr class=\"row-8\">\n\t<td class=\"column-1\">Sunnuntai 26.4.<\/td><td class=\"column-2\">suljettu<\/td>\n<\/tr>\n<tr class=\"row-9\">\n\t<td class=\"column-1\"><b>27.4.-3.5.2026<\/b><\/td><td class=\"column-2\"><\/td>\n<\/tr>\n<tr class=\"row-10\">\n\t<td class=\"column-1\">Maanantai 27.4.<\/td><td class=\"column-2\">ylikyps\u00e4 possun kylki (M,G)<br \/>\njuustoinen kanalasagne (L)<br \/>\nseikeitto (L,G)<\/td>\n<\/tr>\n<tr class=\"row-11\">\n\t<td class=\"column-1\">Tiistai 28.4.<\/td><td class=\"column-2\">kermainen janssoninkiusaus (L,G)<br \/>\nmakkarakastike (L)<br \/>\nkanakeitto (M,G)<\/td>\n<\/tr>\n<tr class=\"row-12\">\n\t<td class=\"column-1\">Keskiviikko 29.4.<\/td><td class=\"column-2\">paneroidut lohipihvit (-)<br \/>\ntilli-kermaviilikastike (L,G)<br \/>\nkana bearnaisekastikkeessa (G)<br \/>\njauhelihakeitto (M,G)<\/td>\n<\/tr>\n<tr class=\"row-13\">\n\t<td class=\"column-1\">Torstai 30.4.<\/td><td class=\"column-2\">vappunakit (M,G)<br \/>\nperunasalaatti (L,G)<br \/>\nmaalaispekonilla kuorrutettu lihamureke (L)<br \/>\nruskea kastike (L)<br \/>\nhernekeitto (M,G)<br \/>\nsima (M,G)<br \/>\nmunkit (L)<\/td>\n<\/tr>\n<tr class=\"row-14\">\n\t<td class=\"column-1\">Perjantai 1.5.<\/td><td class=\"column-2\">suljettu<\/td>\n<\/tr>\n<tr class=\"row-15\">\n\t<td class=\"column-1\">Lauantai 2.5.<\/td><td class=\"column-2\">kahvilapalvelut<\/td>\n<\/tr>\n<tr class=\"row-16\">\n\t<td class=\"column-1\">Sunnuntai 3.5.<\/td><td class=\"column-2\">suljettu<\/td>\n<\/tr>\n<\/tbody>\n<\/table>\n<span id=\"tablepress-2-description\" class=\"tablepress-table-description tablepress-table-description-id-2\"><b>Lounas tarjolla ma-pe klo 10.30-14.00 <\/b><br \/>\n<br \/>\n<b>Aikuiset 11,90 \u20ac, lapset 8-12 vuotta 7,90 \u20ac, 3-7 vuotta 5,90 \u20ac ja alle 3-vuotiaat ilmaiseksi ruokailevan aikuisen seurassa.<\/b><br \/>\n(sis. noutop\u00f6yd\u00e4st\u00e4 salaatit, keitto, l\u00e4mmin ruoka, leiv\u00e4t, levite, ruokajuomat, j\u00e4lkiruokakahvi\/tee)<br \/>\n<b>Keitto 7,90 \u20ac<\/b><br \/>\n(sis. noutop\u00f6yd\u00e4st\u00e4 keitto, leiv\u00e4t, levite, ruokajuomat, j\u00e4lkiruokakahvi\/tee)<br \/>\n<b>Salaatti 7,90 \u20ac<\/b><br \/>\n(sis. noutop\u00f6yd\u00e4st\u00e4 salaatit, leiv\u00e4t, levite, ruokajuomat, j\u00e4lkiruokakahvi\/tee)<br \/>\n<b>Keitto+salaatti 8,90 \u20ac<\/b><br \/>\n(sis. noutop\u00f6yd\u00e4st\u00e4 keitto, salaatit, leiv\u00e4t, levite, ruokajuomat, j\u00e4lkiruokakahvi\/tee)<br \/>\n<br \/>\n<i>Pid\u00e4t\u00e4mme kaikki oikeudet mahdollisiin muutoksiin.<\/i><br \/>\n<br \/>\nSuurten ryhmien (yli 30 henkil\u00f6\u00e4) kannattaa ilmoittaa tulosta etuk\u00e4teen, jotta voimme taata sujuvan ruokailun. Ota yhteytt\u00e4 myyntipalveluun,  p. 010 770 7013.<\/span>\n<!-- #tablepress-2 from cache --><br \/>\n<br \/>\n<\/p>\n<\/div>\n\t\t\t\t<\/div>\n\t\t\t\t\t\t\t\t<\/div>\n\t\t\t\t\t\t<\/div>\n\t\t\t\t<\/div>\n\t\t\t\t\t<\/div>\n\t\t<\/div>\n\t\t\t\t\t<\/div>\n\t\t<\/section>\n\t\t\t\t<\/div>\n\t\t","protected":false},"excerpt":{"rendered":"<p>Lunch menus OnnenKivi Restaurant Kyl\u00e4kauppa Gas Station<\/p>\n","protected":false},"author":1,"featured_media":0,"parent":10516,"menu_order":8,"comment_status":"closed","ping_status":"closed","template":"","meta":{"ocean_post_layout":"","ocean_both_sidebars_style":"","ocean_both_sidebars_content_width":0,"ocean_both_sidebars_sidebars_width":0,"ocean_sidebar":"0","ocean_second_sidebar":"0","ocean_disable_margins":"on","ocean_add_body_class":"","ocean_shortcode_before_top_bar":"","ocean_shortcode_after_top_bar":"","ocean_shortcode_before_header":"","ocean_shortcode_after_header":"","ocean_has_shortcode":"","ocean_shortcode_after_title":"","ocean_shortcode_before_footer_widgets":"","ocean_shortcode_after_footer_widgets":"","ocean_shortcode_before_footer_bottom":"","ocean_shortcode_after_footer_bottom":"","ocean_display_top_bar":"default","ocean_display_header":"default","ocean_header_style":"","ocean_center_header_left_menu":"0","ocean_custom_header_template":"0","ocean_custom_logo":0,"ocean_custom_retina_logo":0,"ocean_custom_logo_max_width":0,"ocean_custom_logo_tablet_max_width":0,"ocean_custom_logo_mobile_max_width":0,"ocean_custom_logo_max_height":0,"ocean_custom_logo_tablet_max_height":0,"ocean_custom_logo_mobile_max_height":0,"ocean_header_custom_menu":"0","ocean_menu_typo_font_family":"0","ocean_menu_typo_font_subset":"","ocean_menu_typo_font_size":0,"ocean_menu_typo_font_size_tablet":0,"ocean_menu_typo_font_size_mobile":0,"ocean_menu_typo_font_size_unit":"px","ocean_menu_typo_font_weight":"","ocean_menu_typo_font_weight_tablet":"","ocean_menu_typo_font_weight_mobile":"","ocean_menu_typo_transform":"","ocean_menu_typo_transform_tablet":"","ocean_menu_typo_transform_mobile":"","ocean_menu_typo_line_height":0,"ocean_menu_typo_line_height_tablet":0,"ocean_menu_typo_line_height_mobile":0,"ocean_menu_typo_line_height_unit":"","ocean_menu_typo_spacing":0,"ocean_menu_typo_spacing_tablet":0,"ocean_menu_typo_spacing_mobile":0,"ocean_menu_typo_spacing_unit":"","ocean_menu_link_color":"","ocean_menu_link_color_hover":"","ocean_menu_link_color_active":"","ocean_menu_link_background":"","ocean_menu_link_hover_background":"","ocean_menu_link_active_background":"","ocean_menu_social_links_bg":"","ocean_menu_social_hover_links_bg":"","ocean_menu_social_links_color":"","ocean_menu_social_hover_links_color":"","ocean_disable_title":"default","ocean_disable_heading":"default","ocean_post_title":"","ocean_post_subheading":"","ocean_post_title_style":"","ocean_post_title_background_color":"","ocean_post_title_background":0,"ocean_post_title_bg_image_position":"","ocean_post_title_bg_image_attachment":"","ocean_post_title_bg_image_repeat":"","ocean_post_title_bg_image_size":"","ocean_post_title_height":0,"ocean_post_title_bg_overlay":0.5,"ocean_post_title_bg_overlay_color":"","ocean_disable_breadcrumbs":"default","ocean_breadcrumbs_color":"","ocean_breadcrumbs_separator_color":"","ocean_breadcrumbs_links_color":"","ocean_breadcrumbs_links_hover_color":"","ocean_display_footer_widgets":"default","ocean_display_footer_bottom":"default","ocean_custom_footer_template":"0","footnotes":""},"class_list":["post-10518","page","type-page","status-publish","hentry","entry","owp-thumbs-layout-horizontal","owp-btn-normal","owp-tabs-layout-horizontal","has-no-thumbnails","has-product-nav"],"yoast_head":"<!-- This site is optimized with the Yoast SEO plugin v27.4 - https:\/\/yoast.com\/product\/yoast-seo-wordpress\/ -->\n<title>Lunch menus - Keskisen Kyl\u00e4kauppa<\/title>\n<meta name=\"description\" content=\"We offer Finnish home cooking every day from a buffet table. There are always two main course options and a vegetarian lunch option.\" \/>\n<meta name=\"robots\" content=\"index, follow, max-snippet:-1, max-image-preview:large, max-video-preview:-1\" \/>\n<link rel=\"canonical\" href=\"https:\/\/tuuri.fi\/en\/dining\/lunch-menus\/\" \/>\n<meta property=\"og:locale\" content=\"en_US\" \/>\n<meta property=\"og:type\" content=\"article\" \/>\n<meta property=\"og:title\" content=\"Lunch menus - Keskisen Kyl\u00e4kauppa\" \/>\n<meta property=\"og:description\" content=\"We offer Finnish home cooking every day from a buffet table. There are always two main course options and a vegetarian lunch option.\" \/>\n<meta property=\"og:url\" content=\"https:\/\/tuuri.fi\/en\/dining\/lunch-menus\/\" \/>\n<meta property=\"og:site_name\" content=\"Keskisen Kyl\u00e4kauppa\" \/>\n<meta property=\"article:publisher\" content=\"https:\/\/www.facebook.com\/KylakauppaVeljeksetKeskinen\/\" \/>\n<meta name=\"twitter:card\" content=\"summary_large_image\" \/>\n<meta name=\"twitter:site\" content=\"@Kylakauppa\" \/>\n<script type=\"application\/ld+json\" class=\"yoast-schema-graph\">{\"@context\":\"https:\\\/\\\/schema.org\",\"@graph\":[{\"@type\":\"WebPage\",\"@id\":\"https:\\\/\\\/tuuri.fi\\\/en\\\/dining\\\/lunch-menus\\\/\",\"url\":\"https:\\\/\\\/tuuri.fi\\\/en\\\/dining\\\/lunch-menus\\\/\",\"name\":\"Lunch menus - Keskisen Kyl\u00e4kauppa\",\"isPartOf\":{\"@id\":\"https:\\\/\\\/tuuri.fi\\\/en\\\/#website\"},\"datePublished\":\"2020-06-12T07:01:11+00:00\",\"description\":\"We offer Finnish home cooking every day from a buffet table. There are always two main course options and a vegetarian lunch option.\",\"breadcrumb\":{\"@id\":\"https:\\\/\\\/tuuri.fi\\\/en\\\/dining\\\/lunch-menus\\\/#breadcrumb\"},\"inLanguage\":\"en-US\",\"potentialAction\":[{\"@type\":\"ReadAction\",\"target\":[\"https:\\\/\\\/tuuri.fi\\\/en\\\/dining\\\/lunch-menus\\\/\"]}]},{\"@type\":\"BreadcrumbList\",\"@id\":\"https:\\\/\\\/tuuri.fi\\\/en\\\/dining\\\/lunch-menus\\\/#breadcrumb\",\"itemListElement\":[{\"@type\":\"ListItem\",\"position\":1,\"name\":\"Etusivu\",\"item\":\"https:\\\/\\\/tuuri.fi\\\/en\\\/\"},{\"@type\":\"ListItem\",\"position\":2,\"name\":\"Dining\",\"item\":\"https:\\\/\\\/tuuri.fi\\\/en\\\/dining\\\/\"},{\"@type\":\"ListItem\",\"position\":3,\"name\":\"Lunch menus\"}]},{\"@type\":\"WebSite\",\"@id\":\"https:\\\/\\\/tuuri.fi\\\/en\\\/#website\",\"url\":\"https:\\\/\\\/tuuri.fi\\\/en\\\/\",\"name\":\"Keskisen Kyl\u00e4kauppa\",\"description\":\"Suomen Suurin Tavaratalo\",\"publisher\":{\"@id\":\"https:\\\/\\\/tuuri.fi\\\/en\\\/#organization\"},\"potentialAction\":[{\"@type\":\"SearchAction\",\"target\":{\"@type\":\"EntryPoint\",\"urlTemplate\":\"https:\\\/\\\/tuuri.fi\\\/en\\\/?s={search_term_string}\"},\"query-input\":{\"@type\":\"PropertyValueSpecification\",\"valueRequired\":true,\"valueName\":\"search_term_string\"}}],\"inLanguage\":\"en-US\"},{\"@type\":\"Organization\",\"@id\":\"https:\\\/\\\/tuuri.fi\\\/en\\\/#organization\",\"name\":\"Keskisen Kyl\u00e4kauppa\",\"url\":\"https:\\\/\\\/tuuri.fi\\\/en\\\/\",\"logo\":{\"@type\":\"ImageObject\",\"inLanguage\":\"en-US\",\"@id\":\"https:\\\/\\\/tuuri.fi\\\/en\\\/#\\\/schema\\\/logo\\\/image\\\/\",\"url\":\"https:\\\/\\\/tuuri.fi\\\/wp-content\\\/uploads\\\/2019\\\/10\\\/cropped-logo512-PNG.png\",\"contentUrl\":\"https:\\\/\\\/tuuri.fi\\\/wp-content\\\/uploads\\\/2019\\\/10\\\/cropped-logo512-PNG.png\",\"width\":512,\"height\":512,\"caption\":\"Keskisen Kyl\u00e4kauppa\"},\"image\":{\"@id\":\"https:\\\/\\\/tuuri.fi\\\/en\\\/#\\\/schema\\\/logo\\\/image\\\/\"},\"sameAs\":[\"https:\\\/\\\/www.facebook.com\\\/KylakauppaVeljeksetKeskinen\\\/\",\"https:\\\/\\\/x.com\\\/Kylakauppa\",\"https:\\\/\\\/www.instagram.com\\\/kylakauppa\\\/\",\"https:\\\/\\\/www.linkedin.com\\\/company\\\/109496\\\/\"]}]}<\/script>\n<!-- \/ Yoast SEO plugin. -->","yoast_head_json":{"title":"Lunch menus - Keskisen Kyl\u00e4kauppa","description":"We offer Finnish home cooking every day from a buffet table. There are always two main course options and a vegetarian lunch option.","robots":{"index":"index","follow":"follow","max-snippet":"max-snippet:-1","max-image-preview":"max-image-preview:large","max-video-preview":"max-video-preview:-1"},"canonical":"https:\/\/tuuri.fi\/en\/dining\/lunch-menus\/","og_locale":"en_US","og_type":"article","og_title":"Lunch menus - Keskisen Kyl\u00e4kauppa","og_description":"We offer Finnish home cooking every day from a buffet table. There are always two main course options and a vegetarian lunch option.","og_url":"https:\/\/tuuri.fi\/en\/dining\/lunch-menus\/","og_site_name":"Keskisen Kyl\u00e4kauppa","article_publisher":"https:\/\/www.facebook.com\/KylakauppaVeljeksetKeskinen\/","twitter_card":"summary_large_image","twitter_site":"@Kylakauppa","schema":{"@context":"https:\/\/schema.org","@graph":[{"@type":"WebPage","@id":"https:\/\/tuuri.fi\/en\/dining\/lunch-menus\/","url":"https:\/\/tuuri.fi\/en\/dining\/lunch-menus\/","name":"Lunch menus - Keskisen Kyl\u00e4kauppa","isPartOf":{"@id":"https:\/\/tuuri.fi\/en\/#website"},"datePublished":"2020-06-12T07:01:11+00:00","description":"We offer Finnish home cooking every day from a buffet table. There are always two main course options and a vegetarian lunch option.","breadcrumb":{"@id":"https:\/\/tuuri.fi\/en\/dining\/lunch-menus\/#breadcrumb"},"inLanguage":"en-US","potentialAction":[{"@type":"ReadAction","target":["https:\/\/tuuri.fi\/en\/dining\/lunch-menus\/"]}]},{"@type":"BreadcrumbList","@id":"https:\/\/tuuri.fi\/en\/dining\/lunch-menus\/#breadcrumb","itemListElement":[{"@type":"ListItem","position":1,"name":"Etusivu","item":"https:\/\/tuuri.fi\/en\/"},{"@type":"ListItem","position":2,"name":"Dining","item":"https:\/\/tuuri.fi\/en\/dining\/"},{"@type":"ListItem","position":3,"name":"Lunch menus"}]},{"@type":"WebSite","@id":"https:\/\/tuuri.fi\/en\/#website","url":"https:\/\/tuuri.fi\/en\/","name":"Keskisen Kyl\u00e4kauppa","description":"Suomen Suurin Tavaratalo","publisher":{"@id":"https:\/\/tuuri.fi\/en\/#organization"},"potentialAction":[{"@type":"SearchAction","target":{"@type":"EntryPoint","urlTemplate":"https:\/\/tuuri.fi\/en\/?s={search_term_string}"},"query-input":{"@type":"PropertyValueSpecification","valueRequired":true,"valueName":"search_term_string"}}],"inLanguage":"en-US"},{"@type":"Organization","@id":"https:\/\/tuuri.fi\/en\/#organization","name":"Keskisen Kyl\u00e4kauppa","url":"https:\/\/tuuri.fi\/en\/","logo":{"@type":"ImageObject","inLanguage":"en-US","@id":"https:\/\/tuuri.fi\/en\/#\/schema\/logo\/image\/","url":"https:\/\/tuuri.fi\/wp-content\/uploads\/2019\/10\/cropped-logo512-PNG.png","contentUrl":"https:\/\/tuuri.fi\/wp-content\/uploads\/2019\/10\/cropped-logo512-PNG.png","width":512,"height":512,"caption":"Keskisen Kyl\u00e4kauppa"},"image":{"@id":"https:\/\/tuuri.fi\/en\/#\/schema\/logo\/image\/"},"sameAs":["https:\/\/www.facebook.com\/KylakauppaVeljeksetKeskinen\/","https:\/\/x.com\/Kylakauppa","https:\/\/www.instagram.com\/kylakauppa\/","https:\/\/www.linkedin.com\/company\/109496\/"]}]}},"_links":{"self":[{"href":"https:\/\/tuuri.fi\/en\/wp-json\/wp\/v2\/pages\/10518","targetHints":{"allow":["GET"]}}],"collection":[{"href":"https:\/\/tuuri.fi\/en\/wp-json\/wp\/v2\/pages"}],"about":[{"href":"https:\/\/tuuri.fi\/en\/wp-json\/wp\/v2\/types\/page"}],"author":[{"embeddable":true,"href":"https:\/\/tuuri.fi\/en\/wp-json\/wp\/v2\/users\/1"}],"replies":[{"embeddable":true,"href":"https:\/\/tuuri.fi\/en\/wp-json\/wp\/v2\/comments?post=10518"}],"version-history":[{"count":1,"href":"https:\/\/tuuri.fi\/en\/wp-json\/wp\/v2\/pages\/10518\/revisions"}],"predecessor-version":[{"id":10519,"href":"https:\/\/tuuri.fi\/en\/wp-json\/wp\/v2\/pages\/10518\/revisions\/10519"}],"up":[{"embeddable":true,"href":"https:\/\/tuuri.fi\/en\/wp-json\/wp\/v2\/pages\/10516"}],"wp:attachment":[{"href":"https:\/\/tuuri.fi\/en\/wp-json\/wp\/v2\/media?parent=10518"}],"curies":[{"name":"wp","href":"https:\/\/api.w.org\/{rel}","templated":true}]}}